{"id":515,"date":"2020-08-11T13:25:04","date_gmt":"2020-08-11T11:25:04","guid":{"rendered":"https:\/\/www.telaron.eu\/?page_id=515"},"modified":"2020-12-01T09:38:13","modified_gmt":"2020-12-01T08:38:13","slug":"over-telaron","status":"publish","type":"page","link":"https:\/\/www.telaron.eu\/nl\/over-telaron\/","title":{"rendered":"Overs on"},"content":{"rendered":"<p><strong>Telaron : fournisseur et accessoires GSM<\/strong><\/p>\n<p>Pr\u00e9sent sur la sc\u00e8ne du commerce international depuis 20 ans, Telaron Sprl, sp\u00e9cialiste aujourd\u2019hui dans les <strong><a href=\"https:\/\/telaron.eu\/fr\/109-accessoires-gsm\" target=\"_blank\" rel=\"noopener\">accessoires GSM<\/a><\/strong> fut au d\u00e9part une soci\u00e9t\u00e9 de d\u00e9veloppement de logiciels en 1998. Cette base de cr\u00e9ation de jeux pour PC a permis \u00e0 l\u2019entreprise de d\u00e9couvrir en profondeur les n\u00e9cessit\u00e9s existantes en mati\u00e8re de besoin concernant les accessoires multim\u00e9dias. La soci\u00e9t\u00e9 s\u2019est ainsi sp\u00e9cialis\u00e9e dans l\u2019importation d\u2019articles essentiels dans le domaine de l\u2019\u00e9lectricit\u00e9 et de l\u2019\u00e9lectronique de maison et se d\u00e9finit comme un <strong><a href=\"https:\/\/telaron.eu\/fr\/109-accessoires-gsm\" target=\"_blank\" rel=\"noopener\">fournisseur et grossiste d\u2019accessoires GSM<\/a><\/strong>.<\/p>\n<h2><strong>Vente en entrep\u00f4t et en ligne <\/strong><\/h2>\n<p>Notre entrep\u00f4t de 2 200 m<sup>2<\/sup> est ouvert \u00e0 tous les revendeurs qui veulent toucher les mat\u00e9riaux avant de les acheter. En donnant la possibilit\u00e9 aux revendeurs de venir voir les produits, nous leur permettons de r\u00e9aliser les meilleurs choix en fonction des besoins de leur client et du march\u00e9 sur lequel ils se sont lanc\u00e9s. Nos conseillers sont disponibles pour vous assister et vous faire des recommandations qui vous aideront \u00e0 booster vos ventes.<\/p>\n<p>La possibilit\u00e9 de commander en ligne via notre site web permet aussi d\u2019acc\u00e9der \u00e0 des <strong><a href=\"https:\/\/telaron.eu\/fr\/280-accessoires-tv-et-satellite\" target=\"_blank\" rel=\"noopener\">accessoires pour t\u00e9l\u00e9vision et satellite<\/a>.<\/strong>Les connecteurs et les c\u00e2bles de diff\u00e9rentes dimensions et tailles vous permettront de r\u00e9aliser vos connexions sans aucun mal. M\u00eame si la diversit\u00e9 de nos articles rend difficiles leurs mises en ligne, les \u00e9chantillons que nous proposons sont repr\u00e9sentatifs et des r\u00e9ponses rapides sont apport\u00e9es \u00e0 toutes les demandes.<\/p>\n<h2><strong>Un rapport qualit\u00e9-prix imbattable<\/strong><\/h2>\n<p>En tant que grossiste, nous donnons la possibilit\u00e9 \u00e0 de nombreuses personnes d\u2019acc\u00e9der \u00e0 des accessoires de qualit\u00e9 \u00e0 bas prix. Cette solution permet de vendre les produits en ayant \u00e0 l\u2019unit\u00e9 un prix de revient relativement bas. Cette opportunit\u00e9 est accentu\u00e9e par un travail de n\u00e9gociation avec les meilleurs fabricants sur la base de la quantit\u00e9 d\u2019achats pour obtenir un bon prix. Les moyens de protection comme les <strong><a href=\"https:\/\/telaron.eu\/fr\/209-camera-de-surveillance\" target=\"_blank\" rel=\"noopener\">cam\u00e9ras de surveillance<\/a><\/strong>deviennent tr\u00e8s accessibles.<\/p>\n<p>Des <strong><a href=\"https:\/\/telaron.eu\/fr\/209-camera-de-surveillance\" target=\"_blank\" rel=\"noopener\">cam\u00e9ras IP et des sets de surveillance complets<\/a><\/strong>et de haute qualit\u00e9 pour vous prot\u00e9ger vous et toute votre famille sont disponibles sans devoir faire de trous dans votre budget. En proposant un excellent prix, les revendeurs pourront acheter \u00e0 des prix relativement bas tout en faisant des profits sur le long et le court terme. Pour ce faire, les acheteurs re\u00e7oivent des r\u00e9ductions sp\u00e9ciales d\u00e8s que leur achat d\u00e9passe le montant de 500 euros. La gratuit\u00e9 du parking est aussi un avantage non n\u00e9gligeable.<\/p>\n<h2><strong>Une diversit\u00e9 de produits<\/strong><\/h2>\n<p>De nos jours, de nombreuses entreprises proposent des solutions d\u2019\u00e9lectrom\u00e9nagers et bien d\u2019autres accessoires de cuisine sans pour autant donner la place aux petits accessoires donc on a souvent besoin. C\u2019est en constatant ce vide que Telaron a investi dans l\u2019offre des accessoires de qualit\u00e9. L\u2019entreprise offre ainsi des <strong><a href=\"https:\/\/telaron.eu\/fr\/109-accessoires-gsm\" target=\"_blank\" rel=\"noopener\">accessoires GSM<\/a><\/strong>divers et vari\u00e9s couvrant les besoins ponctuels dans le domaine.<\/p>\n<p>Les <a href=\"https:\/\/telaron.eu\/fr\/126-accessoires-pc-et-multimedia\" target=\"_blank\" rel=\"noopener\"><strong>accessoires pour PC<\/strong><\/a> et d\u2019autres <strong><a href=\"https:\/\/telaron.eu\/fr\/126-accessoires-pc-et-multimedia\" target=\"_blank\" rel=\"noopener\">accessoires multim\u00e9dias<\/a><\/strong>comme les haut-parleurs, les \u00e9couteurs, les articles \u00e9lectroniques pour la maison et les casques Bluetooth de qualit\u00e9 souvent rares \u00e0 trouver deviennent accessibles. Si nous misons sur la diversit\u00e9, c\u2019est que nous savons que chaque produit a ses particularit\u00e9s qui pourront mettre en valeur un domaine pr\u00e9cis lors de leur utilisation. De plus, des accessoires comme des gadgets, des jouets et des accessoires auto sont \u00e0 des prix tr\u00e8s concurrentiels.<\/p>\n","protected":false},"excerpt":{"rendered":"<p>Telaron : fournisseur et accessoires GSM Pr\u00e9sent sur la sc\u00e8ne du commerce international depuis 20 ans, Telaron Sprl, sp\u00e9cialiste aujourd\u2019hui dans les accessoires GSM fut au d\u00e9part une soci\u00e9t\u00e9 de d\u00e9veloppement de logiciels en 1998. Cette base de cr\u00e9ation de jeux pour PC a permis \u00e0 l\u2019entreprise de d\u00e9couvrir en profondeur les n\u00e9cessit\u00e9s existantes en [&#8230;]\n","protected":false},"author":1,"featured_media":0,"parent":0,"menu_order":0,"comment_status":"closed","ping_status":"closed","template":"page-blank-title-center.php","meta":{"_acf_changed":false,"footnotes":""},"class_list":["post-515","page","type-page","status-publish","hentry"],"acf":[],"jetpack_sharing_enabled":true,"_links":{"self":[{"href":"https:\/\/www.telaron.eu\/nl\/wp-json\/wp\/v2\/pages\/515","targetHints":{"allow":["GET"]}}],"collection":[{"href":"https:\/\/www.telaron.eu\/nl\/wp-json\/wp\/v2\/pages"}],"about":[{"href":"https:\/\/www.telaron.eu\/nl\/wp-json\/wp\/v2\/types\/page"}],"author":[{"embeddable":true,"href":"https:\/\/www.telaron.eu\/nl\/wp-json\/wp\/v2\/users\/1"}],"replies":[{"embeddable":true,"href":"https:\/\/www.telaron.eu\/nl\/wp-json\/wp\/v2\/comments?post=515"}],"version-history":[{"count":3,"href":"https:\/\/www.telaron.eu\/nl\/wp-json\/wp\/v2\/pages\/515\/revisions"}],"predecessor-version":[{"id":18007,"href":"https:\/\/www.telaron.eu\/nl\/wp-json\/wp\/v2\/pages\/515\/revisions\/18007"}],"wp:attachment":[{"href":"https:\/\/www.telaron.eu\/nl\/wp-json\/wp\/v2\/media?parent=515"}],"curies":[{"name":"wp","href":"https:\/\/api.w.org\/{rel}","templated":true}]}}