{"id":10145,"date":"2020-09-10T11:14:05","date_gmt":"2020-09-10T09:14:05","guid":{"rendered":"https:\/\/www.telaron.eu\/produit\/chargeur-usb-12-multifonction-12a-w-868\/"},"modified":"2022-02-23T23:21:23","modified_gmt":"2022-02-23T22:21:23","slug":"chargeur-usb-12-multifonction-12a-w-868","status":"publish","type":"product","link":"https:\/\/www.telaron.eu\/nl\/produit\/chargeur-usb-12-multifonction-12a-w-868\/","title":{"rendered":"CHARGEUR USB 12 MULTIFONCTION 12A W-868"},"content":{"rendered":"<p>Sortie: 12A<br \/>\nMod\u00e8le: XLD-868<br \/>\nEntr\u00e9e: CA 100V-240V<br \/>\nSortie: Identification automatique de charge de 0,5 \u00e0 3,5 A<br \/>\nPrise en charge de 1 \u00e0 12 \u00e9quipements USB charg\u00e9s simultan\u00e9ment<br \/>\nSortie maxi pour un seul port USB: 5V \/ 3,5A<br \/>\nTaille: 190 * 130 * 49mm<br \/>\nN.W: 385g<\/p>\n","protected":false},"excerpt":{"rendered":"<p>Sortie: 12A Mod\u00e8le: XLD-868 Entr\u00e9e: CA 100V-240V Sortie: Identification automatique de charge de 0,5 \u00e0 3,5 A Prise en charge de 1 \u00e0 12 \u00e9quipements USB charg\u00e9s simultan\u00e9ment Sortie maxi pour un seul port USB: 5V \/ 3,5A Taille: 190 * 130 * 49mm N.W: 385g<\/p>\n","protected":false},"featured_media":10146,"template":"","meta":{"_acf_changed":false},"product_brand":[],"product_cat":[169,170,185],"product_tag":[],"class_list":{"0":"post-10145","1":"product","2":"type-product","3":"status-publish","4":"has-post-thumbnail","6":"product_cat-accessoires-gsm","7":"product_cat-chargeurs-et-data-cables","8":"product_cat-connecteur-gsm-sortie-jack","10":"first","11":"instock","12":"product-type-simple"},"acf":[],"jetpack_sharing_enabled":true,"_links":{"self":[{"href":"https:\/\/www.telaron.eu\/nl\/wp-json\/wp\/v2\/product\/10145","targetHints":{"allow":["GET"]}}],"collection":[{"href":"https:\/\/www.telaron.eu\/nl\/wp-json\/wp\/v2\/product"}],"about":[{"href":"https:\/\/www.telaron.eu\/nl\/wp-json\/wp\/v2\/types\/product"}],"wp:featuredmedia":[{"embeddable":true,"href":"https:\/\/www.telaron.eu\/nl\/wp-json\/wp\/v2\/media\/10146"}],"wp:attachment":[{"href":"https:\/\/www.telaron.eu\/nl\/wp-json\/wp\/v2\/media?parent=10145"}],"wp:term":[{"taxonomy":"product_brand","embeddable":true,"href":"https:\/\/www.telaron.eu\/nl\/wp-json\/wp\/v2\/product_brand?post=10145"},{"taxonomy":"product_cat","embeddable":true,"href":"https:\/\/www.telaron.eu\/nl\/wp-json\/wp\/v2\/product_cat?post=10145"},{"taxonomy":"product_tag","embeddable":true,"href":"https:\/\/www.telaron.eu\/nl\/wp-json\/wp\/v2\/product_tag?post=10145"}],"curies":[{"name":"wp","href":"https:\/\/api.w.org\/{rel}","templated":true}]}}