{"id":4928,"date":"2020-09-10T10:43:53","date_gmt":"2020-09-10T08:43:53","guid":{"rendered":"https:\/\/www.telaron.eu\/produit\/camera-de-surveillance-ipc8800ip\/"},"modified":"2022-02-23T23:19:30","modified_gmt":"2022-02-23T22:19:30","slug":"camera-de-surveillance-ipc8800ip","status":"publish","type":"product","link":"https:\/\/www.telaron.eu\/nl\/produit\/camera-de-surveillance-ipc8800ip\/","title":{"rendered":"CAMERA DE SURVEILLANCE IPC8800IP"},"content":{"rendered":"<p>HD sans perte, super moment, contr\u00f4le intelligent de l&#8217;audition<br \/>\nCam\u00e9ra r\u00e9seau H.265 POE 4MP haute d\u00e9finition<br \/>\nObjectif: 3,6 mm<br \/>\nPuissance: DC 12V<\/p>\n","protected":false},"excerpt":{"rendered":"<p>HD sans perte, super moment, contr\u00f4le intelligent de l&#8217;audition Cam\u00e9ra r\u00e9seau H.265 POE 4MP haute d\u00e9finition Objectif: 3,6 mm Puissance: DC 12V<\/p>\n","protected":false},"featured_media":4929,"template":"","meta":{"_acf_changed":false},"product_brand":[],"product_cat":[484,463,474],"product_tag":[],"class_list":{"0":"post-4928","1":"product","2":"type-product","3":"status-publish","4":"has-post-thumbnail","6":"product_cat-cam","7":"product_cat-camera-de-surveillance","8":"product_cat-camera-ip","10":"first","11":"instock","12":"product-type-simple"},"acf":[],"jetpack_sharing_enabled":true,"_links":{"self":[{"href":"https:\/\/www.telaron.eu\/nl\/wp-json\/wp\/v2\/product\/4928","targetHints":{"allow":["GET"]}}],"collection":[{"href":"https:\/\/www.telaron.eu\/nl\/wp-json\/wp\/v2\/product"}],"about":[{"href":"https:\/\/www.telaron.eu\/nl\/wp-json\/wp\/v2\/types\/product"}],"wp:featuredmedia":[{"embeddable":true,"href":"https:\/\/www.telaron.eu\/nl\/wp-json\/wp\/v2\/media\/4929"}],"wp:attachment":[{"href":"https:\/\/www.telaron.eu\/nl\/wp-json\/wp\/v2\/media?parent=4928"}],"wp:term":[{"taxonomy":"product_brand","embeddable":true,"href":"https:\/\/www.telaron.eu\/nl\/wp-json\/wp\/v2\/product_brand?post=4928"},{"taxonomy":"product_cat","embeddable":true,"href":"https:\/\/www.telaron.eu\/nl\/wp-json\/wp\/v2\/product_cat?post=4928"},{"taxonomy":"product_tag","embeddable":true,"href":"https:\/\/www.telaron.eu\/nl\/wp-json\/wp\/v2\/product_tag?post=4928"}],"curies":[{"name":"wp","href":"https:\/\/api.w.org\/{rel}","templated":true}]}}