{"id":5151,"date":"2020-09-10T10:44:52","date_gmt":"2020-09-10T08:44:52","guid":{"rendered":"https:\/\/www.telaron.eu\/produit\/set-de-tournevis-bk-3336\/"},"modified":"2022-03-04T11:54:43","modified_gmt":"2022-03-04T10:54:43","slug":"set-de-tournevis-bk-3336","status":"publish","type":"product","link":"https:\/\/www.telaron.eu\/nl\/produit\/set-de-tournevis-bk-3336\/","title":{"rendered":"SET DE TOURNEVIS BK-3336"},"content":{"rendered":"<p>4x tournevis de pr\u00e9cision en aluminium<br \/>\nLe corps est fabriqu\u00e9 \u00e0 partir d&#8217;une seule pi\u00e8ce d&#8217;aluminium et poss\u00e8de de belles poign\u00e9es molet\u00e9es.<br \/>\nLe capuchon tourne afin que vous puissiez garder le corps immobile pendant la rotation.<br \/>\nCouleur: or, violet, bleu, vert<br \/>\nOutil d&#8217;ouverture 3x<br \/>\nOutil de levier mince pour ouvrir des appareils \u00e9lectroniques. Les choix d&#8217;ouverture sont essentiels pour ouvrir tout iPad, tablette ou smartphone scell\u00e9 avec un adh\u00e9sif.<br \/>\nDes outils en plastique con\u00e7us pour p\u00e9n\u00e9trer dans les fissures les plus \u00e9troites sans endommager vos pr\u00e9cieux appareils.<br \/>\nL&#8217;image est seulement pour la r\u00e9f\u00e9rence, s&#8217;il vous pla\u00eet faire l&#8217;objet comme la norme.<\/p>\n","protected":false},"excerpt":{"rendered":"<p>4x tournevis de pr\u00e9cision en aluminium Le corps est fabriqu\u00e9 \u00e0 partir d&#8217;une seule pi\u00e8ce d&#8217;aluminium et poss\u00e8de de belles poign\u00e9es molet\u00e9es. Le capuchon tourne afin que vous puissiez garder le corps immobile pendant la rotation. Couleur: or, violet, bleu, vert Outil d&#8217;ouverture 3x Outil de levier mince pour ouvrir des appareils \u00e9lectroniques. Les choix [&#8230;]\n","protected":false},"featured_media":5152,"template":"","meta":{"_acf_changed":false},"product_brand":[],"product_cat":[169,478],"product_tag":[],"class_list":{"0":"post-5151","1":"product","2":"type-product","3":"status-publish","4":"has-post-thumbnail","6":"product_cat-accessoires-gsm","7":"product_cat-outils-de-reparation","9":"first","10":"instock","11":"product-type-simple"},"acf":[],"jetpack_sharing_enabled":true,"_links":{"self":[{"href":"https:\/\/www.telaron.eu\/nl\/wp-json\/wp\/v2\/product\/5151","targetHints":{"allow":["GET"]}}],"collection":[{"href":"https:\/\/www.telaron.eu\/nl\/wp-json\/wp\/v2\/product"}],"about":[{"href":"https:\/\/www.telaron.eu\/nl\/wp-json\/wp\/v2\/types\/product"}],"wp:featuredmedia":[{"embeddable":true,"href":"https:\/\/www.telaron.eu\/nl\/wp-json\/wp\/v2\/media\/5152"}],"wp:attachment":[{"href":"https:\/\/www.telaron.eu\/nl\/wp-json\/wp\/v2\/media?parent=5151"}],"wp:term":[{"taxonomy":"product_brand","embeddable":true,"href":"https:\/\/www.telaron.eu\/nl\/wp-json\/wp\/v2\/product_brand?post=5151"},{"taxonomy":"product_cat","embeddable":true,"href":"https:\/\/www.telaron.eu\/nl\/wp-json\/wp\/v2\/product_cat?post=5151"},{"taxonomy":"product_tag","embeddable":true,"href":"https:\/\/www.telaron.eu\/nl\/wp-json\/wp\/v2\/product_tag?post=5151"}],"curies":[{"name":"wp","href":"https:\/\/api.w.org\/{rel}","templated":true}]}}