{"id":5177,"date":"2020-09-10T10:44:52","date_gmt":"2020-09-10T08:44:52","guid":{"rendered":"https:\/\/www.telaron.eu\/produit\/ouvre-cover-bk-6013\/"},"modified":"2022-02-23T23:18:39","modified_gmt":"2022-02-23T22:18:39","slug":"ouvre-cover-bk-6013","status":"publish","type":"product","link":"https:\/\/www.telaron.eu\/nl\/produit\/ouvre-cover-bk-6013\/","title":{"rendered":"OUVRE COVER BK-6013"},"content":{"rendered":"<p>Comprenant:<br \/>\n2x Crowbar<br \/>\n2x outils d&#8217;ouverture<br \/>\n1x bouton de d\u00e9montage<br \/>\nAvec le pied de biche 2ps sp\u00e9cial pour le t\u00e9l\u00e9phone portable N78<br \/>\nAvec 1 outils d\u2019ouverture pour ouvrir le mod\u00e8le du bo\u00eetier du t\u00e9l\u00e9phone portable NOKIA N78<br \/>\nBouton de d\u00e9montage de pi\u00e8ce pour N78 retir\u00e9 sp\u00e9cial pour le d\u00e9mant\u00e8lement de la coquille de N78<\/p>\n","protected":false},"excerpt":{"rendered":"<p>Comprenant: 2x Crowbar 2x outils d&#8217;ouverture 1x bouton de d\u00e9montage Avec le pied de biche 2ps sp\u00e9cial pour le t\u00e9l\u00e9phone portable N78 Avec 1 outils d\u2019ouverture pour ouvrir le mod\u00e8le du bo\u00eetier du t\u00e9l\u00e9phone portable NOKIA N78 Bouton de d\u00e9montage de pi\u00e8ce pour N78 retir\u00e9 sp\u00e9cial pour le d\u00e9mant\u00e8lement de la coquille de N78<\/p>\n","protected":false},"featured_media":5178,"template":"","meta":{"_acf_changed":false},"product_brand":[],"product_cat":[169,478],"product_tag":[],"class_list":{"0":"post-5177","1":"product","2":"type-product","3":"status-publish","4":"has-post-thumbnail","6":"product_cat-accessoires-gsm","7":"product_cat-outils-de-reparation","9":"first","10":"instock","11":"product-type-simple"},"acf":[],"jetpack_sharing_enabled":true,"_links":{"self":[{"href":"https:\/\/www.telaron.eu\/nl\/wp-json\/wp\/v2\/product\/5177","targetHints":{"allow":["GET"]}}],"collection":[{"href":"https:\/\/www.telaron.eu\/nl\/wp-json\/wp\/v2\/product"}],"about":[{"href":"https:\/\/www.telaron.eu\/nl\/wp-json\/wp\/v2\/types\/product"}],"wp:featuredmedia":[{"embeddable":true,"href":"https:\/\/www.telaron.eu\/nl\/wp-json\/wp\/v2\/media\/5178"}],"wp:attachment":[{"href":"https:\/\/www.telaron.eu\/nl\/wp-json\/wp\/v2\/media?parent=5177"}],"wp:term":[{"taxonomy":"product_brand","embeddable":true,"href":"https:\/\/www.telaron.eu\/nl\/wp-json\/wp\/v2\/product_brand?post=5177"},{"taxonomy":"product_cat","embeddable":true,"href":"https:\/\/www.telaron.eu\/nl\/wp-json\/wp\/v2\/product_cat?post=5177"},{"taxonomy":"product_tag","embeddable":true,"href":"https:\/\/www.telaron.eu\/nl\/wp-json\/wp\/v2\/product_tag?post=5177"}],"curies":[{"name":"wp","href":"https:\/\/api.w.org\/{rel}","templated":true}]}}