{"id":5204,"date":"2020-09-10T10:45:05","date_gmt":"2020-09-10T08:45:05","guid":{"rendered":"https:\/\/www.telaron.eu\/produit\/machine-a-souder-cs-30\/"},"modified":"2022-02-23T23:18:52","modified_gmt":"2022-02-23T22:18:52","slug":"machine-a-souder-cs-30","status":"publish","type":"product","link":"https:\/\/www.telaron.eu\/nl\/produit\/machine-a-souder-cs-30\/","title":{"rendered":"MACHINE A SOUDER CS-30"},"content":{"rendered":"<p>\u00c9quip\u00e9 d&#8217;un \u00e9l\u00e9ment chauffant en c\u00e9ramique permettant une augmentation rapide de la temp\u00e9rature.<br \/>\nFacile \u00e0 tenir et fournit une excellente isolation thermique.<br \/>\nR\u00e9sistance d&#8217;isolation sup\u00e9rieure \u00e0 celle des \u00e9l\u00e9ments chauffants en nichrome.<br \/>\nLa pointe Everpoint atteint une excellente r\u00e9sistance \u00e0 la corrosion gr\u00e2ce \u00e0 notre m\u00e9thode de fabrication unique. (Plusieurs 10 fois la vie des bouts de cuivre od.)<br \/>\nLa courte distance entre la poign\u00e9e et la pointe convient bien au travail de pr\u00e9cision.<br \/>\nFabriqu\u00e9 en SUS304 pour une r\u00e9sistance \u00e9lev\u00e9e \u00e0 la rouille et \u00e0 l&#8217;oxydation caus\u00e9e par la chaleur.<\/p>\n","protected":false},"excerpt":{"rendered":"<p>\u00c9quip\u00e9 d&#8217;un \u00e9l\u00e9ment chauffant en c\u00e9ramique permettant une augmentation rapide de la temp\u00e9rature. Facile \u00e0 tenir et fournit une excellente isolation thermique. R\u00e9sistance d&#8217;isolation sup\u00e9rieure \u00e0 celle des \u00e9l\u00e9ments chauffants en nichrome. La pointe Everpoint atteint une excellente r\u00e9sistance \u00e0 la corrosion gr\u00e2ce \u00e0 notre m\u00e9thode de fabrication unique. (Plusieurs 10 fois la vie des [&#8230;]\n","protected":false},"featured_media":5205,"template":"","meta":{"_acf_changed":false},"product_brand":[],"product_cat":[169,478],"product_tag":[],"class_list":{"0":"post-5204","1":"product","2":"type-product","3":"status-publish","4":"has-post-thumbnail","6":"product_cat-accessoires-gsm","7":"product_cat-outils-de-reparation","9":"first","10":"instock","11":"product-type-simple"},"acf":[],"jetpack_sharing_enabled":true,"_links":{"self":[{"href":"https:\/\/www.telaron.eu\/nl\/wp-json\/wp\/v2\/product\/5204","targetHints":{"allow":["GET"]}}],"collection":[{"href":"https:\/\/www.telaron.eu\/nl\/wp-json\/wp\/v2\/product"}],"about":[{"href":"https:\/\/www.telaron.eu\/nl\/wp-json\/wp\/v2\/types\/product"}],"wp:featuredmedia":[{"embeddable":true,"href":"https:\/\/www.telaron.eu\/nl\/wp-json\/wp\/v2\/media\/5205"}],"wp:attachment":[{"href":"https:\/\/www.telaron.eu\/nl\/wp-json\/wp\/v2\/media?parent=5204"}],"wp:term":[{"taxonomy":"product_brand","embeddable":true,"href":"https:\/\/www.telaron.eu\/nl\/wp-json\/wp\/v2\/product_brand?post=5204"},{"taxonomy":"product_cat","embeddable":true,"href":"https:\/\/www.telaron.eu\/nl\/wp-json\/wp\/v2\/product_cat?post=5204"},{"taxonomy":"product_tag","embeddable":true,"href":"https:\/\/www.telaron.eu\/nl\/wp-json\/wp\/v2\/product_tag?post=5204"}],"curies":[{"name":"wp","href":"https:\/\/api.w.org\/{rel}","templated":true}]}}