{"id":5209,"date":"2020-09-10T10:45:05","date_gmt":"2020-09-10T08:45:05","guid":{"rendered":"https:\/\/www.telaron.eu\/produit\/machine-a-souder-091a\/"},"modified":"2022-02-23T23:17:30","modified_gmt":"2022-02-23T22:17:30","slug":"machine-a-souder-091a","status":"publish","type":"product","link":"https:\/\/www.telaron.eu\/nl\/produit\/machine-a-souder-091a\/","title":{"rendered":"MACHINE A SOUDER 091A"},"content":{"rendered":"<p>Facile \u00e0 utiliser avec cadran de temp\u00e9rature r\u00e9glable; Chauffe rapidement pour des travaux de r\u00e9paration rapides<\/p>\n","protected":false},"excerpt":{"rendered":"<p>Facile \u00e0 utiliser avec cadran de temp\u00e9rature r\u00e9glable; Chauffe rapidement pour des travaux de r\u00e9paration rapides<\/p>\n","protected":false},"featured_media":5210,"template":"","meta":{"_acf_changed":false},"product_brand":[],"product_cat":[169,478],"product_tag":[],"class_list":{"0":"post-5209","1":"product","2":"type-product","3":"status-publish","4":"has-post-thumbnail","6":"product_cat-accessoires-gsm","7":"product_cat-outils-de-reparation","9":"first","10":"instock","11":"product-type-simple"},"acf":[],"jetpack_sharing_enabled":true,"_links":{"self":[{"href":"https:\/\/www.telaron.eu\/nl\/wp-json\/wp\/v2\/product\/5209","targetHints":{"allow":["GET"]}}],"collection":[{"href":"https:\/\/www.telaron.eu\/nl\/wp-json\/wp\/v2\/product"}],"about":[{"href":"https:\/\/www.telaron.eu\/nl\/wp-json\/wp\/v2\/types\/product"}],"wp:featuredmedia":[{"embeddable":true,"href":"https:\/\/www.telaron.eu\/nl\/wp-json\/wp\/v2\/media\/5210"}],"wp:attachment":[{"href":"https:\/\/www.telaron.eu\/nl\/wp-json\/wp\/v2\/media?parent=5209"}],"wp:term":[{"taxonomy":"product_brand","embeddable":true,"href":"https:\/\/www.telaron.eu\/nl\/wp-json\/wp\/v2\/product_brand?post=5209"},{"taxonomy":"product_cat","embeddable":true,"href":"https:\/\/www.telaron.eu\/nl\/wp-json\/wp\/v2\/product_cat?post=5209"},{"taxonomy":"product_tag","embeddable":true,"href":"https:\/\/www.telaron.eu\/nl\/wp-json\/wp\/v2\/product_tag?post=5209"}],"curies":[{"name":"wp","href":"https:\/\/api.w.org\/{rel}","templated":true}]}}