{"id":5215,"date":"2020-09-10T10:45:05","date_gmt":"2020-09-10T08:45:05","guid":{"rendered":"https:\/\/www.telaron.eu\/produit\/pointe-rafraichi-bk-226\/"},"modified":"2022-02-23T23:18:38","modified_gmt":"2022-02-23T22:18:38","slug":"pointe-rafraichi-bk-226","status":"publish","type":"product","link":"https:\/\/www.telaron.eu\/nl\/produit\/pointe-rafraichi-bk-226\/","title":{"rendered":"POINTE RAFRAICHI BK-226"},"content":{"rendered":"<p>Nom du produit: BAKU Brand Advanced Tip Refresher, pointe BK 226 en fer \u00e0 repasser<br \/>\nNom de marque: BAKU<br \/>\nNum\u00e9ro de mod\u00e8le: BK 226<br \/>\nLa couleur verte<br \/>\nPoids net: 15g<br \/>\nCetification: CE<br \/>\nTaille: 30 * 30 * 11mm<br \/>\nPaquet: 1 * 12pcs<br \/>\nType: mat\u00e9riel auxiliaire<br \/>\nAvantage: relancer le fer \u00e0 repasser<\/p>\n","protected":false},"excerpt":{"rendered":"<p>Nom du produit: BAKU Brand Advanced Tip Refresher, pointe BK 226 en fer \u00e0 repasser Nom de marque: BAKU Num\u00e9ro de mod\u00e8le: BK 226 La couleur verte Poids net: 15g Cetification: CE Taille: 30 * 30 * 11mm Paquet: 1 * 12pcs Type: mat\u00e9riel auxiliaire Avantage: relancer le fer \u00e0 repasser<\/p>\n","protected":false},"featured_media":5216,"template":"","meta":{"_acf_changed":false},"product_brand":[],"product_cat":[169,478],"product_tag":[],"class_list":{"0":"post-5215","1":"product","2":"type-product","3":"status-publish","4":"has-post-thumbnail","6":"product_cat-accessoires-gsm","7":"product_cat-outils-de-reparation","9":"first","10":"instock","11":"product-type-simple"},"acf":[],"jetpack_sharing_enabled":true,"_links":{"self":[{"href":"https:\/\/www.telaron.eu\/nl\/wp-json\/wp\/v2\/product\/5215","targetHints":{"allow":["GET"]}}],"collection":[{"href":"https:\/\/www.telaron.eu\/nl\/wp-json\/wp\/v2\/product"}],"about":[{"href":"https:\/\/www.telaron.eu\/nl\/wp-json\/wp\/v2\/types\/product"}],"wp:featuredmedia":[{"embeddable":true,"href":"https:\/\/www.telaron.eu\/nl\/wp-json\/wp\/v2\/media\/5216"}],"wp:attachment":[{"href":"https:\/\/www.telaron.eu\/nl\/wp-json\/wp\/v2\/media?parent=5215"}],"wp:term":[{"taxonomy":"product_brand","embeddable":true,"href":"https:\/\/www.telaron.eu\/nl\/wp-json\/wp\/v2\/product_brand?post=5215"},{"taxonomy":"product_cat","embeddable":true,"href":"https:\/\/www.telaron.eu\/nl\/wp-json\/wp\/v2\/product_cat?post=5215"},{"taxonomy":"product_tag","embeddable":true,"href":"https:\/\/www.telaron.eu\/nl\/wp-json\/wp\/v2\/product_tag?post=5215"}],"curies":[{"name":"wp","href":"https:\/\/api.w.org\/{rel}","templated":true}]}}