{"id":5317,"date":"2020-09-10T10:45:33","date_gmt":"2020-09-10T08:45:33","guid":{"rendered":"https:\/\/www.telaron.eu\/produit\/souris-optique-fc-3011-usb-bleu-couleur-bleu-ocean\/"},"modified":"2022-03-22T14:15:28","modified_gmt":"2022-03-22T13:15:28","slug":"souris-optique-fc-3011-usb-bleu-couleur-bleu-ocean","status":"publish","type":"product","link":"https:\/\/www.telaron.eu\/nl\/produit\/souris-optique-fc-3011-usb-bleu-couleur-bleu-ocean\/","title":{"rendered":"SOURIS OPTIQUE FC-3011 USB BLEU"},"content":{"rendered":"<p>Roues tr\u00e9s fines et des buttons, pr\u00e9cis\u00e9ment le positionnement de la page<br \/>\nGratuit DPI de transmission quatri\u00e9me engrenage, le plus grand soutien DPI 800\/1600\/2000<br \/>\nSouris, int\u00e9gr\u00e9 dans le bloc augmenter, la lampe source de lumi\u00e8re mixte<br \/>\nAvant\/arri\u00e8re des touches multim\u00e9dia, facilement n&#8217;importe ou sur le web de la vie<\/p>\n","protected":false},"excerpt":{"rendered":"<p>Roues tr\u00e9s fines et des buttons, pr\u00e9cis\u00e9ment le positionnement de la page Gratuit DPI de transmission quatri\u00e9me engrenage, le plus grand soutien DPI 800\/1600\/2000 Souris, int\u00e9gr\u00e9 dans le bloc augmenter, la lampe source de lumi\u00e8re mixte Avant\/arri\u00e8re des touches multim\u00e9dia, facilement n&#8217;importe ou sur le web de la vie<\/p>\n","protected":false},"featured_media":5318,"template":"","meta":{"_acf_changed":false},"product_brand":[],"product_cat":[204,496,497],"product_tag":[],"class_list":{"0":"post-5317","1":"product","2":"type-product","3":"status-publish","4":"has-post-thumbnail","6":"product_cat-accessoires-pc-et-multimedia","7":"product_cat-souris","8":"product_cat-souris-filaire","9":"pa_couleur-bleu-ocean","10":"pa_couleur-gris","12":"first","13":"instock","14":"product-type-variable"},"acf":[],"jetpack_sharing_enabled":true,"_links":{"self":[{"href":"https:\/\/www.telaron.eu\/nl\/wp-json\/wp\/v2\/product\/5317","targetHints":{"allow":["GET"]}}],"collection":[{"href":"https:\/\/www.telaron.eu\/nl\/wp-json\/wp\/v2\/product"}],"about":[{"href":"https:\/\/www.telaron.eu\/nl\/wp-json\/wp\/v2\/types\/product"}],"wp:featuredmedia":[{"embeddable":true,"href":"https:\/\/www.telaron.eu\/nl\/wp-json\/wp\/v2\/media\/5318"}],"wp:attachment":[{"href":"https:\/\/www.telaron.eu\/nl\/wp-json\/wp\/v2\/media?parent=5317"}],"wp:term":[{"taxonomy":"product_brand","embeddable":true,"href":"https:\/\/www.telaron.eu\/nl\/wp-json\/wp\/v2\/product_brand?post=5317"},{"taxonomy":"product_cat","embeddable":true,"href":"https:\/\/www.telaron.eu\/nl\/wp-json\/wp\/v2\/product_cat?post=5317"},{"taxonomy":"product_tag","embeddable":true,"href":"https:\/\/www.telaron.eu\/nl\/wp-json\/wp\/v2\/product_tag?post=5317"}],"curies":[{"name":"wp","href":"https:\/\/api.w.org\/{rel}","templated":true}]}}