{"id":5476,"date":"2020-09-10T10:46:12","date_gmt":"2020-09-10T08:46:12","guid":{"rendered":"https:\/\/www.telaron.eu\/produit\/etui-pour-universel-laterale-en-cuir-xxxl\/"},"modified":"2022-03-22T14:15:05","modified_gmt":"2022-03-22T13:15:05","slug":"etui-pour-universel-laterale-en-cuir-xxxl","status":"publish","type":"product","link":"https:\/\/www.telaron.eu\/nl\/produit\/etui-pour-universel-laterale-en-cuir-xxxl\/","title":{"rendered":"Etui pour Universel lat\u00e9rale en cuir &#8211; XXXL"},"content":{"rendered":"<p>\u00c9tui pour Universel lat\u00e9rale en cuir &#8211; XXXL<\/p>\n","protected":false},"excerpt":{"rendered":"<p>\u00c9tui pour Universel lat\u00e9rale en cuir &#8211; XXXL<\/p>\n","protected":false},"featured_media":5477,"template":"","meta":{"_acf_changed":false},"product_brand":[],"product_cat":[169,500,329,405],"product_tag":[],"class_list":{"0":"post-5476","1":"product","2":"type-product","3":"status-publish","4":"has-post-thumbnail","6":"product_cat-accessoires-gsm","7":"product_cat-etuis-universel-en-cuir","8":"product_cat-etuis-housse","9":"product_cat-universel-etuis-housse","11":"first","12":"instock","13":"product-type-simple"},"acf":[],"jetpack_sharing_enabled":true,"_links":{"self":[{"href":"https:\/\/www.telaron.eu\/nl\/wp-json\/wp\/v2\/product\/5476","targetHints":{"allow":["GET"]}}],"collection":[{"href":"https:\/\/www.telaron.eu\/nl\/wp-json\/wp\/v2\/product"}],"about":[{"href":"https:\/\/www.telaron.eu\/nl\/wp-json\/wp\/v2\/types\/product"}],"wp:featuredmedia":[{"embeddable":true,"href":"https:\/\/www.telaron.eu\/nl\/wp-json\/wp\/v2\/media\/5477"}],"wp:attachment":[{"href":"https:\/\/www.telaron.eu\/nl\/wp-json\/wp\/v2\/media?parent=5476"}],"wp:term":[{"taxonomy":"product_brand","embeddable":true,"href":"https:\/\/www.telaron.eu\/nl\/wp-json\/wp\/v2\/product_brand?post=5476"},{"taxonomy":"product_cat","embeddable":true,"href":"https:\/\/www.telaron.eu\/nl\/wp-json\/wp\/v2\/product_cat?post=5476"},{"taxonomy":"product_tag","embeddable":true,"href":"https:\/\/www.telaron.eu\/nl\/wp-json\/wp\/v2\/product_tag?post=5476"}],"curies":[{"name":"wp","href":"https:\/\/api.w.org\/{rel}","templated":true}]}}