{"id":5591,"date":"2020-09-10T10:46:40","date_gmt":"2020-09-10T08:46:40","guid":{"rendered":"https:\/\/www.telaron.eu\/produit\/usb-cable-data-pour-iphone-dimension-1m\/"},"modified":"2022-02-23T23:17:44","modified_gmt":"2022-02-23T22:17:44","slug":"usb-cable-data-pour-iphone-dimension-1m","status":"publish","type":"product","link":"https:\/\/www.telaron.eu\/nl\/produit\/usb-cable-data-pour-iphone-dimension-1m\/","title":{"rendered":"USB CABLE DATA POUR IPHONE : Dimension &#8211; 1M"},"content":{"rendered":"<p>Chargez votre t\u00e9l\u00e9phone portable \/ tablette en toute s\u00e9curit\u00e9 avec une vitesse de transmission \u00e9lev\u00e9e.<br \/>\nCombinez la fonction de transmission de donn\u00e9es et de charge.<br \/>\nR\u00e9siste \u00e0 la haute pression avec un excellent design.<br \/>\nConducteur en cuivre de grande puret\u00e9 assurant une haute qualit\u00e9.<br \/>\nCompatible avec toute \u00e9dition USB.<br \/>\nAnti-ing\u00e9rence.<\/p>\n","protected":false},"excerpt":{"rendered":"<p>Chargez votre t\u00e9l\u00e9phone portable \/ tablette en toute s\u00e9curit\u00e9 avec une vitesse de transmission \u00e9lev\u00e9e. Combinez la fonction de transmission de donn\u00e9es et de charge. R\u00e9siste \u00e0 la haute pression avec un excellent design. Conducteur en cuivre de grande puret\u00e9 assurant une haute qualit\u00e9. Compatible avec toute \u00e9dition USB. Anti-ing\u00e9rence.<\/p>\n","protected":false},"featured_media":5592,"template":"","meta":{"_acf_changed":false},"product_brand":[],"product_cat":[169,191,170],"product_tag":[],"class_list":{"0":"post-5591","1":"product","2":"type-product","3":"status-publish","4":"has-post-thumbnail","6":"product_cat-accessoires-gsm","7":"product_cat-apple-lightning","8":"product_cat-chargeurs-et-data-cables","9":"pa_dimension-1m","10":"pa_dimension-2m","11":"pa_dimension-3m","13":"first","14":"instock","15":"product-type-variable"},"acf":[],"jetpack_sharing_enabled":true,"_links":{"self":[{"href":"https:\/\/www.telaron.eu\/nl\/wp-json\/wp\/v2\/product\/5591","targetHints":{"allow":["GET"]}}],"collection":[{"href":"https:\/\/www.telaron.eu\/nl\/wp-json\/wp\/v2\/product"}],"about":[{"href":"https:\/\/www.telaron.eu\/nl\/wp-json\/wp\/v2\/types\/product"}],"wp:featuredmedia":[{"embeddable":true,"href":"https:\/\/www.telaron.eu\/nl\/wp-json\/wp\/v2\/media\/5592"}],"wp:attachment":[{"href":"https:\/\/www.telaron.eu\/nl\/wp-json\/wp\/v2\/media?parent=5591"}],"wp:term":[{"taxonomy":"product_brand","embeddable":true,"href":"https:\/\/www.telaron.eu\/nl\/wp-json\/wp\/v2\/product_brand?post=5591"},{"taxonomy":"product_cat","embeddable":true,"href":"https:\/\/www.telaron.eu\/nl\/wp-json\/wp\/v2\/product_cat?post=5591"},{"taxonomy":"product_tag","embeddable":true,"href":"https:\/\/www.telaron.eu\/nl\/wp-json\/wp\/v2\/product_tag?post=5591"}],"curies":[{"name":"wp","href":"https:\/\/api.w.org\/{rel}","templated":true}]}}