{"id":5603,"date":"2020-09-10T10:46:40","date_gmt":"2020-09-10T08:46:40","guid":{"rendered":"https:\/\/www.telaron.eu\/produit\/cable-2xusbcac-my-221-pour-iphone\/"},"modified":"2022-02-23T23:20:48","modified_gmt":"2022-02-23T22:20:48","slug":"cable-2xusbcac-my-221-pour-iphone","status":"publish","type":"product","link":"https:\/\/www.telaron.eu\/nl\/produit\/cable-2xusbcac-my-221-pour-iphone\/","title":{"rendered":"CABLE 2XUSB+CAC MY-221 POUR IPHONE"},"content":{"rendered":"<p>Utiliser la technologie Qualcomm pour r\u00e9aliser une perc\u00e9e incroyable<br \/>\nSoutien Charge 2.0 protocole de charge rapide, augmenter la tension et le courant, de mani\u00e8re \u00e0 obtenir le v\u00e9ritable effet de charge du flash.<br \/>\nLe double ressort en acier inoxydable peut fixer efficacement la charge de la voiture, vous permet de rouler jusqu&#8217;\u00e0 charger.<br \/>\nTransformation intelligente, flux de changement, soins tout au long<br \/>\nConstruit dans les puces intelligentes, peut distinguer entre diff\u00e9rents appareils de la tension et du courant standard, charge rapide et ne peut pas \u00eatre prot\u00e9g\u00e9 contre les dommages<\/p>\n","protected":false},"excerpt":{"rendered":"<p>Utiliser la technologie Qualcomm pour r\u00e9aliser une perc\u00e9e incroyable Soutien Charge 2.0 protocole de charge rapide, augmenter la tension et le courant, de mani\u00e8re \u00e0 obtenir le v\u00e9ritable effet de charge du flash. Le double ressort en acier inoxydable peut fixer efficacement la charge de la voiture, vous permet de rouler jusqu&#8217;\u00e0 charger. Transformation intelligente, [&#8230;]\n","protected":false},"featured_media":5604,"template":"","meta":{"_acf_changed":false},"product_brand":[],"product_cat":[169,191,170],"product_tag":[],"class_list":{"0":"post-5603","1":"product","2":"type-product","3":"status-publish","4":"has-post-thumbnail","6":"product_cat-accessoires-gsm","7":"product_cat-apple-lightning","8":"product_cat-chargeurs-et-data-cables","10":"first","11":"instock","12":"product-type-simple"},"acf":[],"jetpack_sharing_enabled":true,"_links":{"self":[{"href":"https:\/\/www.telaron.eu\/nl\/wp-json\/wp\/v2\/product\/5603","targetHints":{"allow":["GET"]}}],"collection":[{"href":"https:\/\/www.telaron.eu\/nl\/wp-json\/wp\/v2\/product"}],"about":[{"href":"https:\/\/www.telaron.eu\/nl\/wp-json\/wp\/v2\/types\/product"}],"wp:featuredmedia":[{"embeddable":true,"href":"https:\/\/www.telaron.eu\/nl\/wp-json\/wp\/v2\/media\/5604"}],"wp:attachment":[{"href":"https:\/\/www.telaron.eu\/nl\/wp-json\/wp\/v2\/media?parent=5603"}],"wp:term":[{"taxonomy":"product_brand","embeddable":true,"href":"https:\/\/www.telaron.eu\/nl\/wp-json\/wp\/v2\/product_brand?post=5603"},{"taxonomy":"product_cat","embeddable":true,"href":"https:\/\/www.telaron.eu\/nl\/wp-json\/wp\/v2\/product_cat?post=5603"},{"taxonomy":"product_tag","embeddable":true,"href":"https:\/\/www.telaron.eu\/nl\/wp-json\/wp\/v2\/product_tag?post=5603"}],"curies":[{"name":"wp","href":"https:\/\/api.w.org\/{rel}","templated":true}]}}