{"id":5609,"date":"2020-09-10T10:46:40","date_gmt":"2020-09-10T08:46:40","guid":{"rendered":"https:\/\/www.telaron.eu\/produit\/cable-usbcac-my-112-micro-usb\/"},"modified":"2022-03-22T14:15:10","modified_gmt":"2022-03-22T13:15:10","slug":"cable-usbcac-my-112-micro-usb","status":"publish","type":"product","link":"https:\/\/www.telaron.eu\/nl\/produit\/cable-usbcac-my-112-micro-usb\/","title":{"rendered":"CABLE USB+CAC MY-112 &#8211; MICRO USB"},"content":{"rendered":"<p>Conception \u00e0 ressort bilat\u00e9ral pour emp\u00eacher le glissement<br \/>\nLe double ressort en acier inoxydable peut fixer efficacement la charge de la voiture et permet \u00e0 votre v\u00e9hicule de se recharger compl\u00e8tement.<br \/>\nTransformation intelligente, flux de changement, soins tout au long<br \/>\nDes puces intelligentes int\u00e9gr\u00e9es permettent de distinguer diff\u00e9rents appareils de la tension et du courant standard, \u00e0 la fois de charge rapide et ne peuvent \u00eatre prot\u00e9g\u00e9es contre les dommages<\/p>\n","protected":false},"excerpt":{"rendered":"<p>Conception \u00e0 ressort bilat\u00e9ral pour emp\u00eacher le glissement Le double ressort en acier inoxydable peut fixer efficacement la charge de la voiture et permet \u00e0 votre v\u00e9hicule de se recharger compl\u00e8tement. Transformation intelligente, flux de changement, soins tout au long Des puces intelligentes int\u00e9gr\u00e9es permettent de distinguer diff\u00e9rents appareils de la tension et du courant [&#8230;]\n","protected":false},"featured_media":5610,"template":"","meta":{"_acf_changed":false},"product_brand":[],"product_cat":[169,170,188],"product_tag":[],"class_list":{"0":"post-5609","1":"product","2":"type-product","3":"status-publish","4":"has-post-thumbnail","6":"product_cat-accessoires-gsm","7":"product_cat-chargeurs-et-data-cables","8":"product_cat-micro-usb","10":"first","11":"instock","12":"product-type-simple"},"acf":[],"jetpack_sharing_enabled":true,"_links":{"self":[{"href":"https:\/\/www.telaron.eu\/nl\/wp-json\/wp\/v2\/product\/5609","targetHints":{"allow":["GET"]}}],"collection":[{"href":"https:\/\/www.telaron.eu\/nl\/wp-json\/wp\/v2\/product"}],"about":[{"href":"https:\/\/www.telaron.eu\/nl\/wp-json\/wp\/v2\/types\/product"}],"wp:featuredmedia":[{"embeddable":true,"href":"https:\/\/www.telaron.eu\/nl\/wp-json\/wp\/v2\/media\/5610"}],"wp:attachment":[{"href":"https:\/\/www.telaron.eu\/nl\/wp-json\/wp\/v2\/media?parent=5609"}],"wp:term":[{"taxonomy":"product_brand","embeddable":true,"href":"https:\/\/www.telaron.eu\/nl\/wp-json\/wp\/v2\/product_brand?post=5609"},{"taxonomy":"product_cat","embeddable":true,"href":"https:\/\/www.telaron.eu\/nl\/wp-json\/wp\/v2\/product_cat?post=5609"},{"taxonomy":"product_tag","embeddable":true,"href":"https:\/\/www.telaron.eu\/nl\/wp-json\/wp\/v2\/product_tag?post=5609"}],"curies":[{"name":"wp","href":"https:\/\/api.w.org\/{rel}","templated":true}]}}