{"id":5621,"date":"2020-09-10T10:46:40","date_gmt":"2020-09-10T08:46:40","guid":{"rendered":"https:\/\/www.telaron.eu\/produit\/cable-micro-usb-comp-1m-ad506-2\/"},"modified":"2022-03-22T14:15:10","modified_gmt":"2022-03-22T13:15:10","slug":"cable-micro-usb-comp-1m-ad506-2","status":"publish","type":"product","link":"https:\/\/www.telaron.eu\/nl\/produit\/cable-micro-usb-comp-1m-ad506-2\/","title":{"rendered":"CABLE MICRO USB COMP. 1M AD506-2"},"content":{"rendered":"<p>Ce gadget connecte l\u2019iPad \/ iPhone d\u2019Apple \u00e0 votre ordinateur pour acc\u00e9der aux contacts de votre annuaire t\u00e9l\u00e9phonique, les courriels et les rendez-vous, les synchroniser, modifier la sonnerie, l\u2019arri\u00e8re-plan, les images et tirer parti d\u2019autres applications utiles.<br \/>\nTransmission de donn\u00e9es et chargeur deux en un.<br \/>\nConception unique \u00e0 haute tension, deux c\u00f4t\u00e9s peuvent \u00eatre utilis\u00e9s.<br \/>\nAvec la technologie USB 2.0 et la technologie de dorure sur terminal.<br \/>\nUne alimentation \u00e0 courant \u00e9lev\u00e9 est fournie pour assurer une charge plus rapide.<\/p>\n","protected":false},"excerpt":{"rendered":"<p>Ce gadget connecte l\u2019iPad \/ iPhone d\u2019Apple \u00e0 votre ordinateur pour acc\u00e9der aux contacts de votre annuaire t\u00e9l\u00e9phonique, les courriels et les rendez-vous, les synchroniser, modifier la sonnerie, l\u2019arri\u00e8re-plan, les images et tirer parti d\u2019autres applications utiles. Transmission de donn\u00e9es et chargeur deux en un. Conception unique \u00e0 haute tension, deux c\u00f4t\u00e9s peuvent \u00eatre utilis\u00e9s. [&#8230;]\n","protected":false},"featured_media":5622,"template":"","meta":{"_acf_changed":false},"product_brand":[],"product_cat":[169,170,188],"product_tag":[],"class_list":{"0":"post-5621","1":"product","2":"type-product","3":"status-publish","4":"has-post-thumbnail","6":"product_cat-accessoires-gsm","7":"product_cat-chargeurs-et-data-cables","8":"product_cat-micro-usb","10":"first","11":"instock","12":"product-type-simple"},"acf":[],"jetpack_sharing_enabled":true,"_links":{"self":[{"href":"https:\/\/www.telaron.eu\/nl\/wp-json\/wp\/v2\/product\/5621","targetHints":{"allow":["GET"]}}],"collection":[{"href":"https:\/\/www.telaron.eu\/nl\/wp-json\/wp\/v2\/product"}],"about":[{"href":"https:\/\/www.telaron.eu\/nl\/wp-json\/wp\/v2\/types\/product"}],"wp:featuredmedia":[{"embeddable":true,"href":"https:\/\/www.telaron.eu\/nl\/wp-json\/wp\/v2\/media\/5622"}],"wp:attachment":[{"href":"https:\/\/www.telaron.eu\/nl\/wp-json\/wp\/v2\/media?parent=5621"}],"wp:term":[{"taxonomy":"product_brand","embeddable":true,"href":"https:\/\/www.telaron.eu\/nl\/wp-json\/wp\/v2\/product_brand?post=5621"},{"taxonomy":"product_cat","embeddable":true,"href":"https:\/\/www.telaron.eu\/nl\/wp-json\/wp\/v2\/product_cat?post=5621"},{"taxonomy":"product_tag","embeddable":true,"href":"https:\/\/www.telaron.eu\/nl\/wp-json\/wp\/v2\/product_tag?post=5621"}],"curies":[{"name":"wp","href":"https:\/\/api.w.org\/{rel}","templated":true}]}}