{"id":5646,"date":"2020-09-10T10:46:55","date_gmt":"2020-09-10T08:46:55","guid":{"rendered":"https:\/\/www.telaron.eu\/produit\/kit-mains-libres-kml-22-couleur-blanc\/"},"modified":"2022-03-22T14:15:10","modified_gmt":"2022-03-22T13:15:10","slug":"kit-mains-libres-kml-22-couleur-blanc","status":"publish","type":"product","link":"https:\/\/www.telaron.eu\/nl\/produit\/kit-mains-libres-kml-22-couleur-blanc\/","title":{"rendered":"KIT MAINS LIBRES KML-22 : Couleur &#8211; Blanc"},"content":{"rendered":"<p>Microphone int\u00e9gr\u00e9<br \/>\n\u00c9couteurs dynamiques \u00e0 double unit\u00e9 am\u00e9lior\u00e9s<br \/>\nLe design ergonomique<br \/>\nEnroulement de la ligne d&#8217;\u00e9couteurs<br \/>\nLe microphone int\u00e9gr\u00e9 am\u00e9lior\u00e9<\/p>\n","protected":false},"excerpt":{"rendered":"<p>Microphone int\u00e9gr\u00e9 \u00c9couteurs dynamiques \u00e0 double unit\u00e9 am\u00e9lior\u00e9s Le design ergonomique Enroulement de la ligne d&#8217;\u00e9couteurs Le microphone int\u00e9gr\u00e9 am\u00e9lior\u00e9<\/p>\n","protected":false},"featured_media":5647,"template":"","meta":{"_acf_changed":false},"product_brand":[],"product_cat":[169,220],"product_tag":[],"class_list":{"0":"post-5646","1":"product","2":"type-product","3":"status-publish","4":"has-post-thumbnail","6":"product_cat-accessoires-gsm","7":"product_cat-kit-mains-libre-2","8":"pa_couleur-blanc","10":"first","11":"instock","12":"product-type-simple"},"acf":[],"jetpack_sharing_enabled":true,"_links":{"self":[{"href":"https:\/\/www.telaron.eu\/nl\/wp-json\/wp\/v2\/product\/5646","targetHints":{"allow":["GET"]}}],"collection":[{"href":"https:\/\/www.telaron.eu\/nl\/wp-json\/wp\/v2\/product"}],"about":[{"href":"https:\/\/www.telaron.eu\/nl\/wp-json\/wp\/v2\/types\/product"}],"wp:featuredmedia":[{"embeddable":true,"href":"https:\/\/www.telaron.eu\/nl\/wp-json\/wp\/v2\/media\/5647"}],"wp:attachment":[{"href":"https:\/\/www.telaron.eu\/nl\/wp-json\/wp\/v2\/media?parent=5646"}],"wp:term":[{"taxonomy":"product_brand","embeddable":true,"href":"https:\/\/www.telaron.eu\/nl\/wp-json\/wp\/v2\/product_brand?post=5646"},{"taxonomy":"product_cat","embeddable":true,"href":"https:\/\/www.telaron.eu\/nl\/wp-json\/wp\/v2\/product_cat?post=5646"},{"taxonomy":"product_tag","embeddable":true,"href":"https:\/\/www.telaron.eu\/nl\/wp-json\/wp\/v2\/product_tag?post=5646"}],"curies":[{"name":"wp","href":"https:\/\/api.w.org\/{rel}","templated":true}]}}