{"id":5699,"date":"2020-09-10T10:47:08","date_gmt":"2020-09-10T08:47:08","guid":{"rendered":"https:\/\/www.telaron.eu\/produit\/hautparleur-pc-g-030\/"},"modified":"2022-02-23T23:19:13","modified_gmt":"2022-02-23T22:19:13","slug":"hautparleur-pc-g-030","status":"publish","type":"product","link":"https:\/\/www.telaron.eu\/nl\/produit\/hautparleur-pc-g-030\/","title":{"rendered":"HAUTPARLEUR PC G-030"},"content":{"rendered":"<p>Sortie: RMS 2.5W + 2.5W<br \/>\nRapport S \/ N \/ 65dB isol\u00e9<br \/>\nTaux: 45dB<br \/>\nImp\u00e9dance: 4 ohms<br \/>\nPuissance: USB 5V<br \/>\nUnit\u00e9 de haut-parleur: 2Wx2<br \/>\nHaut-parleur d&#8217;accompagnement pour PC, MP3.MP4 et ordinateur portable<br \/>\nTimbre doux et clair<br \/>\nAmplificateur actif int\u00e9gr\u00e9<br \/>\nQualit\u00e9 sonore pure et \u00e9l\u00e9gante avec un effet in\u00e9gal\u00e9<br \/>\nConforme aux principes acoustiques et esth\u00e9tiques<br \/>\nSon flexible avec des niveaux de tonalit\u00e9s distincts<br \/>\nConception de petite taille, facile \u00e0 prendre<\/p>\n","protected":false},"excerpt":{"rendered":"<p>Sortie: RMS 2.5W + 2.5W Rapport S \/ N \/ 65dB isol\u00e9 Taux: 45dB Imp\u00e9dance: 4 ohms Puissance: USB 5V Unit\u00e9 de haut-parleur: 2Wx2 Haut-parleur d&#8217;accompagnement pour PC, MP3.MP4 et ordinateur portable Timbre doux et clair Amplificateur actif int\u00e9gr\u00e9 Qualit\u00e9 sonore pure et \u00e9l\u00e9gante avec un effet in\u00e9gal\u00e9 Conforme aux principes acoustiques et esth\u00e9tiques Son [&#8230;]\n","protected":false},"featured_media":5700,"template":"","meta":{"_acf_changed":false},"product_brand":[],"product_cat":[204,490,523],"product_tag":[],"class_list":{"0":"post-5699","1":"product","2":"type-product","3":"status-publish","4":"has-post-thumbnail","6":"product_cat-accessoires-pc-et-multimedia","7":"product_cat-haut-parleurs","8":"product_cat-haut-parleurs-haut-parleurs","10":"first","11":"instock","12":"product-type-simple"},"acf":[],"jetpack_sharing_enabled":true,"_links":{"self":[{"href":"https:\/\/www.telaron.eu\/nl\/wp-json\/wp\/v2\/product\/5699","targetHints":{"allow":["GET"]}}],"collection":[{"href":"https:\/\/www.telaron.eu\/nl\/wp-json\/wp\/v2\/product"}],"about":[{"href":"https:\/\/www.telaron.eu\/nl\/wp-json\/wp\/v2\/types\/product"}],"wp:featuredmedia":[{"embeddable":true,"href":"https:\/\/www.telaron.eu\/nl\/wp-json\/wp\/v2\/media\/5700"}],"wp:attachment":[{"href":"https:\/\/www.telaron.eu\/nl\/wp-json\/wp\/v2\/media?parent=5699"}],"wp:term":[{"taxonomy":"product_brand","embeddable":true,"href":"https:\/\/www.telaron.eu\/nl\/wp-json\/wp\/v2\/product_brand?post=5699"},{"taxonomy":"product_cat","embeddable":true,"href":"https:\/\/www.telaron.eu\/nl\/wp-json\/wp\/v2\/product_cat?post=5699"},{"taxonomy":"product_tag","embeddable":true,"href":"https:\/\/www.telaron.eu\/nl\/wp-json\/wp\/v2\/product_tag?post=5699"}],"curies":[{"name":"wp","href":"https:\/\/api.w.org\/{rel}","templated":true}]}}