{"id":5770,"date":"2020-09-10T10:47:21","date_gmt":"2020-09-10T08:47:21","guid":{"rendered":"https:\/\/www.telaron.eu\/?post_type=product&#038;p=5770"},"modified":"2022-02-23T23:19:39","modified_gmt":"2022-02-23T22:19:39","slug":"ecouteurs-ke-200-couleur-rouge","status":"publish","type":"product","link":"https:\/\/www.telaron.eu\/nl\/produit\/ecouteurs-ke-200-couleur-rouge\/","title":{"rendered":"ECOUTEURS KE-200 : Couleur &#8211; Rouge"},"content":{"rendered":"<p>Caract\u00e9ristiques:\u00a0<br \/>\nType: air libre, dynamique<br \/>\nUnit\u00e9 de commande 40mm de diam\u00e8tre, type<br \/>\nCapacit\u00e9 de transfert d&#8217;\u00e9nergie: 50mW<br \/>\nImp\u00e9dance: 32\u00a0OHMS \u00e0 1KHz<br \/>\nSensibilit\u00e9: 108 dB<br \/>\nR\u00e9ponse en fr\u00e9quence: 12-22 000 HZ<\/p>\n","protected":false},"excerpt":{"rendered":"<p>Caract\u00e9ristiques:\u00a0 Type: air libre, dynamique Unit\u00e9 de commande 40mm de diam\u00e8tre, type Capacit\u00e9 de transfert d&#8217;\u00e9nergie: 50mW Imp\u00e9dance: 32\u00a0OHMS \u00e0 1KHz Sensibilit\u00e9: 108 dB R\u00e9ponse en fr\u00e9quence: 12-22 000 HZ<\/p>\n","protected":false},"featured_media":5771,"template":"","meta":{"_acf_changed":false},"product_brand":[],"product_cat":[204,230,231],"product_tag":[],"class_list":{"0":"post-5770","1":"product","2":"type-product","3":"status-publish","4":"has-post-thumbnail","6":"product_cat-accessoires-pc-et-multimedia","7":"product_cat-casque","8":"product_cat-casque-sans-fil","9":"pa_couleur-bleu","10":"pa_couleur-noir","11":"pa_couleur-rouge","12":"pa_couleur-vert","14":"first","15":"instock","16":"product-type-variable"},"acf":[],"jetpack_sharing_enabled":true,"_links":{"self":[{"href":"https:\/\/www.telaron.eu\/nl\/wp-json\/wp\/v2\/product\/5770","targetHints":{"allow":["GET"]}}],"collection":[{"href":"https:\/\/www.telaron.eu\/nl\/wp-json\/wp\/v2\/product"}],"about":[{"href":"https:\/\/www.telaron.eu\/nl\/wp-json\/wp\/v2\/types\/product"}],"wp:featuredmedia":[{"embeddable":true,"href":"https:\/\/www.telaron.eu\/nl\/wp-json\/wp\/v2\/media\/5771"}],"wp:attachment":[{"href":"https:\/\/www.telaron.eu\/nl\/wp-json\/wp\/v2\/media?parent=5770"}],"wp:term":[{"taxonomy":"product_brand","embeddable":true,"href":"https:\/\/www.telaron.eu\/nl\/wp-json\/wp\/v2\/product_brand?post=5770"},{"taxonomy":"product_cat","embeddable":true,"href":"https:\/\/www.telaron.eu\/nl\/wp-json\/wp\/v2\/product_cat?post=5770"},{"taxonomy":"product_tag","embeddable":true,"href":"https:\/\/www.telaron.eu\/nl\/wp-json\/wp\/v2\/product_tag?post=5770"}],"curies":[{"name":"wp","href":"https:\/\/api.w.org\/{rel}","templated":true}]}}