{"id":5845,"date":"2020-09-10T10:47:34","date_gmt":"2020-09-10T08:47:34","guid":{"rendered":"https:\/\/www.telaron.eu\/produit\/ecouteurs-st1001-couleur-rouge\/"},"modified":"2022-03-22T13:44:55","modified_gmt":"2022-03-22T12:44:55","slug":"ecouteurs-st1001-couleur-rouge","status":"publish","type":"product","link":"https:\/\/www.telaron.eu\/nl\/produit\/ecouteurs-st1001-couleur-rouge\/","title":{"rendered":"ECOUTEURS ST1001"},"content":{"rendered":"<p>Specifications<br \/>\nType: Open air, dynamique<br \/>\nUnit\u00e9 de commande: diam\u00e8tre 30 mm, type d\u00f4me<br \/>\nPuissance admissible: 50 mW<br \/>\nImp\u00e9dance: 24 OHMS \u00e0 1 kHz<br \/>\nSensibilit\u00e9: 108dB<br \/>\nR\u00e9ponse en fr\u00e9quence: 12-22 000 Hz<\/p>\n","protected":false},"excerpt":{"rendered":"<p>Specifications Type: Open air, dynamique Unit\u00e9 de commande: diam\u00e8tre 30 mm, type d\u00f4me Puissance admissible: 50 mW Imp\u00e9dance: 24 OHMS \u00e0 1 kHz Sensibilit\u00e9: 108dB R\u00e9ponse en fr\u00e9quence: 12-22 000 Hz<\/p>\n","protected":false},"featured_media":5846,"template":"","meta":{"_acf_changed":false},"product_brand":[],"product_cat":[204,230,525],"product_tag":[],"class_list":{"0":"post-5845","1":"product","2":"type-product","3":"status-publish","4":"has-post-thumbnail","6":"product_cat-accessoires-pc-et-multimedia","7":"product_cat-casque","8":"product_cat-casque-filaire","9":"pa_couleur-blanc","10":"pa_couleur-bleu","11":"pa_couleur-noir","12":"pa_couleur-rouge","14":"first","15":"instock","16":"product-type-variable"},"acf":[],"jetpack_sharing_enabled":true,"_links":{"self":[{"href":"https:\/\/www.telaron.eu\/nl\/wp-json\/wp\/v2\/product\/5845","targetHints":{"allow":["GET"]}}],"collection":[{"href":"https:\/\/www.telaron.eu\/nl\/wp-json\/wp\/v2\/product"}],"about":[{"href":"https:\/\/www.telaron.eu\/nl\/wp-json\/wp\/v2\/types\/product"}],"wp:featuredmedia":[{"embeddable":true,"href":"https:\/\/www.telaron.eu\/nl\/wp-json\/wp\/v2\/media\/5846"}],"wp:attachment":[{"href":"https:\/\/www.telaron.eu\/nl\/wp-json\/wp\/v2\/media?parent=5845"}],"wp:term":[{"taxonomy":"product_brand","embeddable":true,"href":"https:\/\/www.telaron.eu\/nl\/wp-json\/wp\/v2\/product_brand?post=5845"},{"taxonomy":"product_cat","embeddable":true,"href":"https:\/\/www.telaron.eu\/nl\/wp-json\/wp\/v2\/product_cat?post=5845"},{"taxonomy":"product_tag","embeddable":true,"href":"https:\/\/www.telaron.eu\/nl\/wp-json\/wp\/v2\/product_tag?post=5845"}],"curies":[{"name":"wp","href":"https:\/\/api.w.org\/{rel}","templated":true}]}}