{"id":6605,"date":"2020-09-10T10:50:41","date_gmt":"2020-09-10T08:50:41","guid":{"rendered":"https:\/\/www.telaron.eu\/produit\/support-gsm-pda-gps-pda360\/"},"modified":"2022-02-23T23:20:51","modified_gmt":"2022-02-23T22:20:51","slug":"support-gsm-pda-gps-pda360","status":"publish","type":"product","link":"https:\/\/www.telaron.eu\/nl\/produit\/support-gsm-pda-gps-pda360\/","title":{"rendered":"SUPPORT GSM\/PDA\/GPS PDA360"},"content":{"rendered":"<p>Support d&#8217;appui-t\u00eate s\u00e9curis\u00e9 pour tablette<br \/>\nLe support d&#8217;appui-t\u00eate tourne \u00e0 360 degr\u00e9s et peut \u00eatre ajust\u00e9 verticalement et horizontalement<br \/>\nId\u00e9al pour les enfants et les longs voyages sur la route<br \/>\nLa pince est compl\u00e8tement r\u00e9glable et fonctionne avec tous les tablettes PC.<\/p>\n","protected":false},"excerpt":{"rendered":"<p>Support d&#8217;appui-t\u00eate s\u00e9curis\u00e9 pour tablette Le support d&#8217;appui-t\u00eate tourne \u00e0 360 degr\u00e9s et peut \u00eatre ajust\u00e9 verticalement et horizontalement Id\u00e9al pour les enfants et les longs voyages sur la route La pince est compl\u00e8tement r\u00e9glable et fonctionne avec tous les tablettes PC.<\/p>\n","protected":false},"featured_media":6606,"template":"","meta":{"_acf_changed":false},"product_brand":[],"product_cat":[479,169],"product_tag":[],"class_list":{"0":"post-6605","1":"product","2":"type-product","3":"status-publish","4":"has-post-thumbnail","6":"product_cat-accessoires-auto","7":"product_cat-accessoires-gsm","9":"first","10":"instock","11":"product-type-simple"},"acf":[],"jetpack_sharing_enabled":true,"_links":{"self":[{"href":"https:\/\/www.telaron.eu\/nl\/wp-json\/wp\/v2\/product\/6605","targetHints":{"allow":["GET"]}}],"collection":[{"href":"https:\/\/www.telaron.eu\/nl\/wp-json\/wp\/v2\/product"}],"about":[{"href":"https:\/\/www.telaron.eu\/nl\/wp-json\/wp\/v2\/types\/product"}],"wp:featuredmedia":[{"embeddable":true,"href":"https:\/\/www.telaron.eu\/nl\/wp-json\/wp\/v2\/media\/6606"}],"wp:attachment":[{"href":"https:\/\/www.telaron.eu\/nl\/wp-json\/wp\/v2\/media?parent=6605"}],"wp:term":[{"taxonomy":"product_brand","embeddable":true,"href":"https:\/\/www.telaron.eu\/nl\/wp-json\/wp\/v2\/product_brand?post=6605"},{"taxonomy":"product_cat","embeddable":true,"href":"https:\/\/www.telaron.eu\/nl\/wp-json\/wp\/v2\/product_cat?post=6605"},{"taxonomy":"product_tag","embeddable":true,"href":"https:\/\/www.telaron.eu\/nl\/wp-json\/wp\/v2\/product_tag?post=6605"}],"curies":[{"name":"wp","href":"https:\/\/api.w.org\/{rel}","templated":true}]}}