{"id":6645,"date":"2020-09-10T10:50:41","date_gmt":"2020-09-10T08:50:41","guid":{"rendered":"https:\/\/www.telaron.eu\/?post_type=product&#038;p=6645"},"modified":"2022-03-22T13:45:04","modified_gmt":"2022-03-22T12:45:04","slug":"ecouteurs-ev110","status":"publish","type":"product","link":"https:\/\/www.telaron.eu\/nl\/produit\/ecouteurs-ev110\/","title":{"rendered":"ECOUTEURS EV110"},"content":{"rendered":"<p>Taille des haut-parleurs: 10mm<br \/>\nSensibilit\u00e9: 96 + 3dB (\u00e0 1KHz 0.5Vrms)<br \/>\nImp\u00e9dance: 16<br \/>\nR\u00e9ponse en fr\u00e9quence: 20 ~ 20000 Hz<br \/>\nType de fiche: 3.5mm<br \/>\nLongueur du cordon: 120cm<br \/>\nMicrophone<br \/>\nDimensions: 4&#215;1.5mm<br \/>\nSensibilit\u00e9: -42dB +\/- 3dB<br \/>\nR\u00e9ponse en fr\u00e9quence: 30 ~ 16000Hz<br \/>\nDirectivit\u00e9: omnidirectionnelle<\/p>\n","protected":false},"excerpt":{"rendered":"<p>Taille des haut-parleurs: 10mm Sensibilit\u00e9: 96 + 3dB (\u00e0 1KHz 0.5Vrms) Imp\u00e9dance: 16 R\u00e9ponse en fr\u00e9quence: 20 ~ 20000 Hz Type de fiche: 3.5mm Longueur du cordon: 120cm Microphone Dimensions: 4&#215;1.5mm Sensibilit\u00e9: -42dB +\/- 3dB R\u00e9ponse en fr\u00e9quence: 30 ~ 16000Hz Directivit\u00e9: omnidirectionnelle<\/p>\n","protected":false},"featured_media":6646,"template":"","meta":{"_acf_changed":false},"product_brand":[],"product_cat":[204,232],"product_tag":[],"class_list":{"0":"post-6645","1":"product","2":"type-product","3":"status-publish","4":"has-post-thumbnail","6":"product_cat-accessoires-pc-et-multimedia","7":"product_cat-oreillettes-et-ecouteurs","8":"pa_couleur-blanc","9":"pa_couleur-bleu-ocean","10":"pa_couleur-mauve","11":"pa_couleur-noir","12":"pa_couleur-rouge","13":"pa_couleur-verte-fluo","15":"first","16":"instock","17":"product-type-variable"},"acf":[],"jetpack_sharing_enabled":true,"_links":{"self":[{"href":"https:\/\/www.telaron.eu\/nl\/wp-json\/wp\/v2\/product\/6645","targetHints":{"allow":["GET"]}}],"collection":[{"href":"https:\/\/www.telaron.eu\/nl\/wp-json\/wp\/v2\/product"}],"about":[{"href":"https:\/\/www.telaron.eu\/nl\/wp-json\/wp\/v2\/types\/product"}],"wp:featuredmedia":[{"embeddable":true,"href":"https:\/\/www.telaron.eu\/nl\/wp-json\/wp\/v2\/media\/6646"}],"wp:attachment":[{"href":"https:\/\/www.telaron.eu\/nl\/wp-json\/wp\/v2\/media?parent=6645"}],"wp:term":[{"taxonomy":"product_brand","embeddable":true,"href":"https:\/\/www.telaron.eu\/nl\/wp-json\/wp\/v2\/product_brand?post=6645"},{"taxonomy":"product_cat","embeddable":true,"href":"https:\/\/www.telaron.eu\/nl\/wp-json\/wp\/v2\/product_cat?post=6645"},{"taxonomy":"product_tag","embeddable":true,"href":"https:\/\/www.telaron.eu\/nl\/wp-json\/wp\/v2\/product_tag?post=6645"}],"curies":[{"name":"wp","href":"https:\/\/api.w.org\/{rel}","templated":true}]}}