{"id":6719,"date":"2020-09-10T10:51:03","date_gmt":"2020-09-10T08:51:03","guid":{"rendered":"https:\/\/www.telaron.eu\/?post_type=product&#038;p=6719"},"modified":"2022-02-23T23:20:51","modified_gmt":"2022-02-23T22:20:51","slug":"ecouteurs-lmk-058-couleur-bleu","status":"publish","type":"product","link":"https:\/\/www.telaron.eu\/nl\/produit\/ecouteurs-lmk-058-couleur-bleu\/","title":{"rendered":"ECOUTEURS LMK-058 : Couleur &#8211; Bleu"},"content":{"rendered":"<p>Puissance admissible: 50mW<br \/>\nImp\u00e9dance: 16 OHMS \u00e0 1 kHz<br \/>\nSensibilit\u00e9: 116 dB<br \/>\nR\u00e9ponse en fr\u00e9quence: 12-22000 Hz<\/p>\n","protected":false},"excerpt":{"rendered":"<p>Puissance admissible: 50mW Imp\u00e9dance: 16 OHMS \u00e0 1 kHz Sensibilit\u00e9: 116 dB R\u00e9ponse en fr\u00e9quence: 12-22000 Hz<\/p>\n","protected":false},"featured_media":6720,"template":"","meta":{"_acf_changed":false},"product_brand":[],"product_cat":[204,232],"product_tag":[],"class_list":{"0":"post-6719","1":"product","2":"type-product","3":"status-publish","4":"has-post-thumbnail","6":"product_cat-accessoires-pc-et-multimedia","7":"product_cat-oreillettes-et-ecouteurs","8":"pa_couleur-bleu","9":"pa_couleur-gris","10":"pa_couleur-noir","11":"pa_couleur-rose","13":"first","14":"instock","15":"product-type-variable"},"acf":[],"jetpack_sharing_enabled":true,"_links":{"self":[{"href":"https:\/\/www.telaron.eu\/nl\/wp-json\/wp\/v2\/product\/6719","targetHints":{"allow":["GET"]}}],"collection":[{"href":"https:\/\/www.telaron.eu\/nl\/wp-json\/wp\/v2\/product"}],"about":[{"href":"https:\/\/www.telaron.eu\/nl\/wp-json\/wp\/v2\/types\/product"}],"wp:featuredmedia":[{"embeddable":true,"href":"https:\/\/www.telaron.eu\/nl\/wp-json\/wp\/v2\/media\/6720"}],"wp:attachment":[{"href":"https:\/\/www.telaron.eu\/nl\/wp-json\/wp\/v2\/media?parent=6719"}],"wp:term":[{"taxonomy":"product_brand","embeddable":true,"href":"https:\/\/www.telaron.eu\/nl\/wp-json\/wp\/v2\/product_brand?post=6719"},{"taxonomy":"product_cat","embeddable":true,"href":"https:\/\/www.telaron.eu\/nl\/wp-json\/wp\/v2\/product_cat?post=6719"},{"taxonomy":"product_tag","embeddable":true,"href":"https:\/\/www.telaron.eu\/nl\/wp-json\/wp\/v2\/product_tag?post=6719"}],"curies":[{"name":"wp","href":"https:\/\/api.w.org\/{rel}","templated":true}]}}