{"id":6773,"date":"2020-09-10T10:51:14","date_gmt":"2020-09-10T08:51:14","guid":{"rendered":"https:\/\/www.telaron.eu\/produit\/souris-optique-golden-eye-x7\/"},"modified":"2022-02-23T23:21:26","modified_gmt":"2022-02-23T22:21:26","slug":"souris-optique-golden-eye-x7","status":"publish","type":"product","link":"https:\/\/www.telaron.eu\/nl\/produit\/souris-optique-golden-eye-x7\/","title":{"rendered":"SOURIS OPTIQUE GOLDEN EYE X7"},"content":{"rendered":"<p>Souris optique haute pr\u00e9cision<br \/>\nInterface USB 2.0<br \/>\nMoteur optique 2400DPI<br \/>\nLumi\u00e8re bleue pour l&#8217;ornement<br \/>\nConception ergonomique<br \/>\nConformit\u00e9 du syst\u00e8me: Windows 98\/2000 \/ NT \/ ME \/ 2003 \/ XP \/ Vista \/ Windows7<\/p>\n","protected":false},"excerpt":{"rendered":"<p>Souris optique haute pr\u00e9cision Interface USB 2.0 Moteur optique 2400DPI Lumi\u00e8re bleue pour l&#8217;ornement Conception ergonomique Conformit\u00e9 du syst\u00e8me: Windows 98\/2000 \/ NT \/ ME \/ 2003 \/ XP \/ Vista \/ Windows7<\/p>\n","protected":false},"featured_media":6774,"template":"","meta":{"_acf_changed":false},"product_brand":[],"product_cat":[204,496,497],"product_tag":[],"class_list":{"0":"post-6773","1":"product","2":"type-product","3":"status-publish","4":"has-post-thumbnail","6":"product_cat-accessoires-pc-et-multimedia","7":"product_cat-souris","8":"product_cat-souris-filaire","10":"first","11":"instock","12":"product-type-simple"},"acf":[],"jetpack_sharing_enabled":true,"_links":{"self":[{"href":"https:\/\/www.telaron.eu\/nl\/wp-json\/wp\/v2\/product\/6773","targetHints":{"allow":["GET"]}}],"collection":[{"href":"https:\/\/www.telaron.eu\/nl\/wp-json\/wp\/v2\/product"}],"about":[{"href":"https:\/\/www.telaron.eu\/nl\/wp-json\/wp\/v2\/types\/product"}],"wp:featuredmedia":[{"embeddable":true,"href":"https:\/\/www.telaron.eu\/nl\/wp-json\/wp\/v2\/media\/6774"}],"wp:attachment":[{"href":"https:\/\/www.telaron.eu\/nl\/wp-json\/wp\/v2\/media?parent=6773"}],"wp:term":[{"taxonomy":"product_brand","embeddable":true,"href":"https:\/\/www.telaron.eu\/nl\/wp-json\/wp\/v2\/product_brand?post=6773"},{"taxonomy":"product_cat","embeddable":true,"href":"https:\/\/www.telaron.eu\/nl\/wp-json\/wp\/v2\/product_cat?post=6773"},{"taxonomy":"product_tag","embeddable":true,"href":"https:\/\/www.telaron.eu\/nl\/wp-json\/wp\/v2\/product_tag?post=6773"}],"curies":[{"name":"wp","href":"https:\/\/api.w.org\/{rel}","templated":true}]}}