{"id":6809,"date":"2020-09-10T10:51:26","date_gmt":"2020-09-10T08:51:26","guid":{"rendered":"https:\/\/www.telaron.eu\/produit\/hdmi-vers-rj45-extender-60m-cat5e-6extender\/"},"modified":"2022-03-22T14:15:12","modified_gmt":"2022-03-22T13:15:12","slug":"hdmi-vers-rj45-extender-60m-cat5e-6extender","status":"publish","type":"product","link":"https:\/\/www.telaron.eu\/nl\/produit\/hdmi-vers-rj45-extender-60m-cat5e-6extender\/","title":{"rendered":"HDMI VERS RJ45 EXTENDER 60M CAT5E\/6EXTENDER"},"content":{"rendered":"<p>Soutien HDMI 1.4a<br \/>\nSoutien 3D<br \/>\nSupporte la plus haute r\u00e9solution vid\u00e9o 1080p \/ 60Hz<br \/>\nPrise en charge d&#8217;un d\u00e9bit de donn\u00e9es de 1,64 Gbps et d&#8217;une horloge tmds jusqu&#8217;\u00e0 165 MHz<br \/>\nSupporte 8\/10\/12 bits de couleur profonde<br \/>\nPrise en charge du c\u00e2ble standard AWG26 HDMI, entr\u00e9e jusqu&#8217;\u00e0 15 m\u00e8tres, sortie jusqu&#8217;\u00e0 20 m\u00e8tres<br \/>\nTransmission du signal: en utilisant un seul c\u00e2ble cat-5e ou cat-6 (recommand\u00e9) \u00e0 la place du c\u00e2ble HDMI, il est possible d\u2019augmenter la distance jusqu\u2019\u00e0 60 m\u00e8tres entre TX et RX<br \/>\nAucune perte de qualit\u00e9<br \/>\nInstaller en quelques minutes<br \/>\nBesoin d&#8217;alimentation DC5V \/ 1A<\/p>\n","protected":false},"excerpt":{"rendered":"<p>Soutien HDMI 1.4a Soutien 3D Supporte la plus haute r\u00e9solution vid\u00e9o 1080p \/ 60Hz Prise en charge d&#8217;un d\u00e9bit de donn\u00e9es de 1,64 Gbps et d&#8217;une horloge tmds jusqu&#8217;\u00e0 165 MHz Supporte 8\/10\/12 bits de couleur profonde Prise en charge du c\u00e2ble standard AWG26 HDMI, entr\u00e9e jusqu&#8217;\u00e0 15 m\u00e8tres, sortie jusqu&#8217;\u00e0 20 m\u00e8tres Transmission du [&#8230;]\n","protected":false},"featured_media":6810,"template":"","meta":{"_acf_changed":false},"product_brand":[],"product_cat":[204,544],"product_tag":[],"class_list":{"0":"post-6809","1":"product","2":"type-product","3":"status-publish","4":"has-post-thumbnail","6":"product_cat-accessoires-pc-et-multimedia","7":"product_cat-switchs-et-routeurs","9":"first","10":"instock","11":"product-type-simple"},"acf":[],"jetpack_sharing_enabled":true,"_links":{"self":[{"href":"https:\/\/www.telaron.eu\/nl\/wp-json\/wp\/v2\/product\/6809","targetHints":{"allow":["GET"]}}],"collection":[{"href":"https:\/\/www.telaron.eu\/nl\/wp-json\/wp\/v2\/product"}],"about":[{"href":"https:\/\/www.telaron.eu\/nl\/wp-json\/wp\/v2\/types\/product"}],"wp:featuredmedia":[{"embeddable":true,"href":"https:\/\/www.telaron.eu\/nl\/wp-json\/wp\/v2\/media\/6810"}],"wp:attachment":[{"href":"https:\/\/www.telaron.eu\/nl\/wp-json\/wp\/v2\/media?parent=6809"}],"wp:term":[{"taxonomy":"product_brand","embeddable":true,"href":"https:\/\/www.telaron.eu\/nl\/wp-json\/wp\/v2\/product_brand?post=6809"},{"taxonomy":"product_cat","embeddable":true,"href":"https:\/\/www.telaron.eu\/nl\/wp-json\/wp\/v2\/product_cat?post=6809"},{"taxonomy":"product_tag","embeddable":true,"href":"https:\/\/www.telaron.eu\/nl\/wp-json\/wp\/v2\/product_tag?post=6809"}],"curies":[{"name":"wp","href":"https:\/\/api.w.org\/{rel}","templated":true}]}}