{"id":7027,"date":"2020-09-10T10:52:12","date_gmt":"2020-09-10T08:52:12","guid":{"rendered":"https:\/\/www.telaron.eu\/produit\/enseigne-lumineuse-167x40cm-interieur-exterieur\/"},"modified":"2022-03-22T14:15:13","modified_gmt":"2022-03-22T13:15:13","slug":"enseigne-lumineuse-167x40cm-interieur-exterieur","status":"publish","type":"product","link":"https:\/\/www.telaron.eu\/nl\/produit\/enseigne-lumineuse-167x40cm-interieur-exterieur\/","title":{"rendered":"Enseigne lumineuse &#8211; 167x40CM (Int\u00e9rieur-Ext\u00e9rieur)"},"content":{"rendered":"<p>Enseigne lumineuse<br \/>\nPanneaux LED<br \/>\n\u00c0 usage en int\u00e9rieur &amp; ext\u00e9rieur<br \/>\n167x40CM<br \/>\nCouleur<\/p>\n","protected":false},"excerpt":{"rendered":"<p>Enseigne lumineuse Panneaux LED \u00c0 usage en int\u00e9rieur &amp; ext\u00e9rieur 167x40CM Couleur<\/p>\n","protected":false},"featured_media":7028,"template":"","meta":{"_acf_changed":false},"product_brand":[],"product_cat":[535,596],"product_tag":[],"class_list":{"0":"post-7027","1":"product","2":"type-product","3":"status-publish","4":"has-post-thumbnail","6":"product_cat-accessoires-magasin","7":"product_cat-enseigne-lumineuse","9":"first","10":"instock","11":"product-type-simple"},"acf":[],"jetpack_sharing_enabled":true,"_links":{"self":[{"href":"https:\/\/www.telaron.eu\/nl\/wp-json\/wp\/v2\/product\/7027","targetHints":{"allow":["GET"]}}],"collection":[{"href":"https:\/\/www.telaron.eu\/nl\/wp-json\/wp\/v2\/product"}],"about":[{"href":"https:\/\/www.telaron.eu\/nl\/wp-json\/wp\/v2\/types\/product"}],"wp:featuredmedia":[{"embeddable":true,"href":"https:\/\/www.telaron.eu\/nl\/wp-json\/wp\/v2\/media\/7028"}],"wp:attachment":[{"href":"https:\/\/www.telaron.eu\/nl\/wp-json\/wp\/v2\/media?parent=7027"}],"wp:term":[{"taxonomy":"product_brand","embeddable":true,"href":"https:\/\/www.telaron.eu\/nl\/wp-json\/wp\/v2\/product_brand?post=7027"},{"taxonomy":"product_cat","embeddable":true,"href":"https:\/\/www.telaron.eu\/nl\/wp-json\/wp\/v2\/product_cat?post=7027"},{"taxonomy":"product_tag","embeddable":true,"href":"https:\/\/www.telaron.eu\/nl\/wp-json\/wp\/v2\/product_tag?post=7027"}],"curies":[{"name":"wp","href":"https:\/\/api.w.org\/{rel}","templated":true}]}}