{"id":7112,"date":"2020-09-10T10:52:35","date_gmt":"2020-09-10T08:52:35","guid":{"rendered":"https:\/\/www.telaron.eu\/produit\/microphone-wg-198\/"},"modified":"2022-02-23T23:21:24","modified_gmt":"2022-02-23T22:21:24","slug":"microphone-wg-198","status":"publish","type":"product","link":"https:\/\/www.telaron.eu\/nl\/produit\/microphone-wg-198\/","title":{"rendered":"MICROPHONE WG-198"},"content":{"rendered":"<p>Micrphone dynamique d&#8217;entr\u00e9e de gamme \u00e0 vocation g\u00e9n\u00e9rale et \u00e0 usage g\u00e9n\u00e9ral.<\/p>\n","protected":false},"excerpt":{"rendered":"<p>Micrphone dynamique d&#8217;entr\u00e9e de gamme \u00e0 vocation g\u00e9n\u00e9rale et \u00e0 usage g\u00e9n\u00e9ral.<\/p>\n","protected":false},"featured_media":7113,"template":"","meta":{"_acf_changed":false},"product_brand":[],"product_cat":[599],"product_tag":[],"class_list":{"0":"post-7112","1":"product","2":"type-product","3":"status-publish","4":"has-post-thumbnail","6":"product_cat-sonorisation","8":"first","9":"instock","10":"product-type-simple"},"acf":[],"jetpack_sharing_enabled":true,"_links":{"self":[{"href":"https:\/\/www.telaron.eu\/nl\/wp-json\/wp\/v2\/product\/7112","targetHints":{"allow":["GET"]}}],"collection":[{"href":"https:\/\/www.telaron.eu\/nl\/wp-json\/wp\/v2\/product"}],"about":[{"href":"https:\/\/www.telaron.eu\/nl\/wp-json\/wp\/v2\/types\/product"}],"wp:featuredmedia":[{"embeddable":true,"href":"https:\/\/www.telaron.eu\/nl\/wp-json\/wp\/v2\/media\/7113"}],"wp:attachment":[{"href":"https:\/\/www.telaron.eu\/nl\/wp-json\/wp\/v2\/media?parent=7112"}],"wp:term":[{"taxonomy":"product_brand","embeddable":true,"href":"https:\/\/www.telaron.eu\/nl\/wp-json\/wp\/v2\/product_brand?post=7112"},{"taxonomy":"product_cat","embeddable":true,"href":"https:\/\/www.telaron.eu\/nl\/wp-json\/wp\/v2\/product_cat?post=7112"},{"taxonomy":"product_tag","embeddable":true,"href":"https:\/\/www.telaron.eu\/nl\/wp-json\/wp\/v2\/product_tag?post=7112"}],"curies":[{"name":"wp","href":"https:\/\/api.w.org\/{rel}","templated":true}]}}