{"id":8686,"date":"2020-09-10T11:02:14","date_gmt":"2020-09-10T09:02:14","guid":{"rendered":"https:\/\/www.telaron.eu\/produit\/set-de-tournevis-jm-8160\/"},"modified":"2023-12-07T22:53:59","modified_gmt":"2023-12-07T21:53:59","slug":"set-de-tournevis-jm-8160","status":"publish","type":"product","link":"https:\/\/www.telaron.eu\/nl\/produit\/set-de-tournevis-jm-8160\/","title":{"rendered":"SET DE TOURNEVIS JM-8160"},"content":{"rendered":"<p>Un jeu complet de tournevis magn\u00e9tique\u202f\u00bb c&#8217;est un bon choix pour les amateurs de bricolage.Cette mise \u00e0 niveau du 33 en 1 tournevis de pr\u00e9cision est con\u00e7u pour desservir tous les ordinateurs portables populaires, les appareils mobiles, les travaux de per\u00e7age du bois, du plastique et d&#8217;autres articles de pr\u00e9cision comme poignet montres et lunettes.<br \/>\nMat\u00e9riau de haute qualit\u00e9\u202f\u00bb calesi neuf interchangeables en acier chrome vanadium manuel tournevis de pr\u00e9cision vous donnera une bonne exp\u00e9rience dans vos appareils m\u00e9nagers de travail de bricolage.<br \/>\nPince \u00e0 \u00e9piler de pr\u00e9cision\u202f\u00bb de haute qualit\u00e9 et durable, construction en acier inoxydable durable, tr\u00e8s convenable pour l&#8217;op\u00e9ration de pr\u00e9cision les composants \u00e9lectroniques sensibles.<br \/>\nManche dur\u202f\u00bb avec poign\u00e9e antid\u00e9rapante assure un plus grand confort et de commodit\u00e9. Mini portatif de poche d&#8217;emballage, design compact pour un transport facile.<br \/>\nBarre de rallonge multi-angle doux\u202f\u00bb 100 mm divers angle veer vous permettant d&#8217;atteindre vis qui sont compl\u00e8tement inaccessibles.Il vous donnera une meilleure exp\u00e9rience de vie.<br \/>\n1 x poign\u00e9e de tournevis\u202f: 100 mm\/3,93 dans<br \/>\n1 x rallonge tige\u202f: 70 mm\/2,76 en<br \/>\n1 x divers angle veer arbre flexible\u202f: 60 mm\/2,36 en<br \/>\n1 x accessoire pi\u00e8ces bo\u00eete de rangement<br \/>\n1 x charni\u00e8re \u00e0 ressort Push Open Coque Coque en plastique pochette du Socket bits<br \/>\n5 x CR-V Socket\u202f: m2.5, m3.0, m3.5, m4.0, M4.5 embouts de tournevis magnifique, 8 x tournevis Torx\u202f: T3, T4, T5, T6, T7, T8, T9, T10<br \/>\n3 embouts de tournevis Hex\u202f: h1.5, h2.0, h3.0<br \/>\n4 x embouts de tournevis \u00e0 fente\u202f: 1,5, 2,0, 2.5,3.5<br \/>\n4 x Phillips embouts de tournevis\u202f: 1.0, 1.5, 2.0, 3.0<br \/>\n1 x y embouts de tournevis\u202f: 0,8<br \/>\n1 x U embouts de tournevis\u202f: 2.6<br \/>\n1 x \u00e9toile tournevis bits\u202f: 0.8,1.2<br \/>\n1 x boulons pour embouts de tournevis\u202f: 0,8<\/p>\n","protected":false},"excerpt":{"rendered":"<p>Un jeu complet de tournevis magn\u00e9tique\u202f\u00bb c&#8217;est un bon choix pour les amateurs de bricolage.Cette mise \u00e0 niveau du 33 en 1 tournevis de pr\u00e9cision est con\u00e7u pour desservir tous les ordinateurs portables populaires, les appareils mobiles, les travaux de per\u00e7age du bois, du plastique et d&#8217;autres articles de pr\u00e9cision comme poignet montres et lunettes. [&#8230;]\n","protected":false},"featured_media":8687,"template":"","meta":{"_acf_changed":false},"product_brand":[],"product_cat":[169,478],"product_tag":[],"class_list":{"0":"post-8686","1":"product","2":"type-product","3":"status-publish","4":"has-post-thumbnail","6":"product_cat-accessoires-gsm","7":"product_cat-outils-de-reparation","9":"first","10":"instock","11":"product-type-simple"},"acf":[],"jetpack_sharing_enabled":true,"_links":{"self":[{"href":"https:\/\/www.telaron.eu\/nl\/wp-json\/wp\/v2\/product\/8686","targetHints":{"allow":["GET"]}}],"collection":[{"href":"https:\/\/www.telaron.eu\/nl\/wp-json\/wp\/v2\/product"}],"about":[{"href":"https:\/\/www.telaron.eu\/nl\/wp-json\/wp\/v2\/types\/product"}],"wp:featuredmedia":[{"embeddable":true,"href":"https:\/\/www.telaron.eu\/nl\/wp-json\/wp\/v2\/media\/8687"}],"wp:attachment":[{"href":"https:\/\/www.telaron.eu\/nl\/wp-json\/wp\/v2\/media?parent=8686"}],"wp:term":[{"taxonomy":"product_brand","embeddable":true,"href":"https:\/\/www.telaron.eu\/nl\/wp-json\/wp\/v2\/product_brand?post=8686"},{"taxonomy":"product_cat","embeddable":true,"href":"https:\/\/www.telaron.eu\/nl\/wp-json\/wp\/v2\/product_cat?post=8686"},{"taxonomy":"product_tag","embeddable":true,"href":"https:\/\/www.telaron.eu\/nl\/wp-json\/wp\/v2\/product_tag?post=8686"}],"curies":[{"name":"wp","href":"https:\/\/api.w.org\/{rel}","templated":true}]}}