{"id":8690,"date":"2020-09-10T11:02:14","date_gmt":"2020-09-10T09:02:14","guid":{"rendered":"https:\/\/www.telaron.eu\/?post_type=product&#038;p=8690"},"modified":"2022-02-23T23:19:38","modified_gmt":"2022-02-23T22:19:38","slug":"tester-multi-fonction","status":"publish","type":"product","link":"https:\/\/www.telaron.eu\/nl\/produit\/tester-multi-fonction\/","title":{"rendered":"TESTER MULTI FONCTION"},"content":{"rendered":"<p>Il peut supporter le mod\u00e8le de 4G, 4S, 5G, 5S \/ 5C, 6G \/ 6S, 6Plus \/ 6S Plus, 7 \/ 7P, 8 \/ 8P, X et iPad 1, 2, 3, 4, mini2, mini3, mini4, Air, Air2, batterie Pro. Et batterie Samsung, Mi, Huawei, OPPO etc.<br \/>\nLa tension de travail sup\u00e9rieure \u00e0 2,5 V est n\u00e9cessaire pour fonctionner normalement. Le courant \u00e9lectrique maximum de charge est 2A.<br \/>\nLe gabarit Kaisi 9208 n\u2019est pas seulement dot\u00e9 d\u2019une conception avanc\u00e9e et s\u00fbre, mais \u00e9galement d\u2019une vitesse de chargement rapide et efficace. Il peut s\u00e9lectionner la batterie ind\u00e9sirable en fonction d\u2019un arr\u00eat de court-circuit pr\u00e9cis pour vous faire gagner un temps pr\u00e9cieux.<\/p>\n","protected":false},"excerpt":{"rendered":"<p>Il peut supporter le mod\u00e8le de 4G, 4S, 5G, 5S \/ 5C, 6G \/ 6S, 6Plus \/ 6S Plus, 7 \/ 7P, 8 \/ 8P, X et iPad 1, 2, 3, 4, mini2, mini3, mini4, Air, Air2, batterie Pro. Et batterie Samsung, Mi, Huawei, OPPO etc. La tension de travail sup\u00e9rieure \u00e0 2,5 V est [&#8230;]\n","protected":false},"featured_media":8691,"template":"","meta":{"_acf_changed":false},"product_brand":[],"product_cat":[169,478],"product_tag":[],"class_list":{"0":"post-8690","1":"product","2":"type-product","3":"status-publish","4":"has-post-thumbnail","6":"product_cat-accessoires-gsm","7":"product_cat-outils-de-reparation","9":"first","10":"instock","11":"product-type-simple"},"acf":[],"jetpack_sharing_enabled":true,"_links":{"self":[{"href":"https:\/\/www.telaron.eu\/nl\/wp-json\/wp\/v2\/product\/8690","targetHints":{"allow":["GET"]}}],"collection":[{"href":"https:\/\/www.telaron.eu\/nl\/wp-json\/wp\/v2\/product"}],"about":[{"href":"https:\/\/www.telaron.eu\/nl\/wp-json\/wp\/v2\/types\/product"}],"wp:featuredmedia":[{"embeddable":true,"href":"https:\/\/www.telaron.eu\/nl\/wp-json\/wp\/v2\/media\/8691"}],"wp:attachment":[{"href":"https:\/\/www.telaron.eu\/nl\/wp-json\/wp\/v2\/media?parent=8690"}],"wp:term":[{"taxonomy":"product_brand","embeddable":true,"href":"https:\/\/www.telaron.eu\/nl\/wp-json\/wp\/v2\/product_brand?post=8690"},{"taxonomy":"product_cat","embeddable":true,"href":"https:\/\/www.telaron.eu\/nl\/wp-json\/wp\/v2\/product_cat?post=8690"},{"taxonomy":"product_tag","embeddable":true,"href":"https:\/\/www.telaron.eu\/nl\/wp-json\/wp\/v2\/product_tag?post=8690"}],"curies":[{"name":"wp","href":"https:\/\/api.w.org\/{rel}","templated":true}]}}