{"id":8696,"date":"2020-09-10T11:02:14","date_gmt":"2020-09-10T09:02:14","guid":{"rendered":"https:\/\/www.telaron.eu\/produit\/set-de-tournevis-sw-1024\/"},"modified":"2022-02-23T23:21:12","modified_gmt":"2022-02-23T22:21:12","slug":"set-de-tournevis-sw-1024","status":"publish","type":"product","link":"https:\/\/www.telaron.eu\/nl\/produit\/set-de-tournevis-sw-1024\/","title":{"rendered":"SET DE TOURNEVIS SW-1024"},"content":{"rendered":"<p>Combinaison de tournevis pr\u00e9cise et normale, portez-la convenablement, elle est dans une large gamme d&#8217;utilisation.<br \/>\nConvient pour: la maintenance et la maintenance dans chaque pays, telles que l&#8217;industrie et les mines, l&#8217;industrie, la maison, etc.<br \/>\nMaintenance et maintenance des instruments de communication, tels que ordinateur, t\u00e9l\u00e9phone portable, t\u00e9l\u00e9vision, t\u00e9l\u00e9phone, lunettes, lecteur DVD, instruments et \u00e9quipements d&#8217;optique, etc.<br \/>\nTravailler avec pr\u00e9cision et l&#8217;outil de routine le plus id\u00e9al qui a fonctionn\u00e9.<\/p>\n","protected":false},"excerpt":{"rendered":"<p>Combinaison de tournevis pr\u00e9cise et normale, portez-la convenablement, elle est dans une large gamme d&#8217;utilisation. Convient pour: la maintenance et la maintenance dans chaque pays, telles que l&#8217;industrie et les mines, l&#8217;industrie, la maison, etc. Maintenance et maintenance des instruments de communication, tels que ordinateur, t\u00e9l\u00e9phone portable, t\u00e9l\u00e9vision, t\u00e9l\u00e9phone, lunettes, lecteur DVD, instruments et \u00e9quipements [&#8230;]\n","protected":false},"featured_media":8697,"template":"","meta":{"_acf_changed":false},"product_brand":[],"product_cat":[169,478],"product_tag":[],"class_list":{"0":"post-8696","1":"product","2":"type-product","3":"status-publish","4":"has-post-thumbnail","6":"product_cat-accessoires-gsm","7":"product_cat-outils-de-reparation","9":"first","10":"instock","11":"product-type-simple"},"acf":[],"jetpack_sharing_enabled":true,"_links":{"self":[{"href":"https:\/\/www.telaron.eu\/nl\/wp-json\/wp\/v2\/product\/8696","targetHints":{"allow":["GET"]}}],"collection":[{"href":"https:\/\/www.telaron.eu\/nl\/wp-json\/wp\/v2\/product"}],"about":[{"href":"https:\/\/www.telaron.eu\/nl\/wp-json\/wp\/v2\/types\/product"}],"wp:featuredmedia":[{"embeddable":true,"href":"https:\/\/www.telaron.eu\/nl\/wp-json\/wp\/v2\/media\/8697"}],"wp:attachment":[{"href":"https:\/\/www.telaron.eu\/nl\/wp-json\/wp\/v2\/media?parent=8696"}],"wp:term":[{"taxonomy":"product_brand","embeddable":true,"href":"https:\/\/www.telaron.eu\/nl\/wp-json\/wp\/v2\/product_brand?post=8696"},{"taxonomy":"product_cat","embeddable":true,"href":"https:\/\/www.telaron.eu\/nl\/wp-json\/wp\/v2\/product_cat?post=8696"},{"taxonomy":"product_tag","embeddable":true,"href":"https:\/\/www.telaron.eu\/nl\/wp-json\/wp\/v2\/product_tag?post=8696"}],"curies":[{"name":"wp","href":"https:\/\/api.w.org\/{rel}","templated":true}]}}