{"id":8710,"date":"2020-09-10T11:02:14","date_gmt":"2020-09-10T09:02:14","guid":{"rendered":"https:\/\/www.telaron.eu\/produit\/tournevise-pour-comp-yx-6300\/"},"modified":"2022-02-23T23:21:30","modified_gmt":"2022-02-23T22:21:30","slug":"tournevise-pour-comp-yx-6300","status":"publish","type":"product","link":"https:\/\/www.telaron.eu\/nl\/produit\/tournevise-pour-comp-yx-6300\/","title":{"rendered":"TOURNEVISE POUR COMP. YX-6300"},"content":{"rendered":"<p>Taille: 4.8*10*14cm<br \/>\nPaquet: Bo\u00eetier<br \/>\nNom de la marque: YAXUN<br \/>\nfournitures de bricolage: \u00c9lectrique<br \/>\nNum\u00e9ro du mod\u00e8le: YX6300<br \/>\nType: Tournevis<br \/>\nType: tweezer,opener&#8230;<br \/>\nApplication: mobile repair screwdriver set<br \/>\nmaterial: S2<\/p>\n","protected":false},"excerpt":{"rendered":"<p>Taille: 4.8*10*14cm Paquet: Bo\u00eetier Nom de la marque: YAXUN fournitures de bricolage: \u00c9lectrique Num\u00e9ro du mod\u00e8le: YX6300 Type: Tournevis Type: tweezer,opener&#8230; Application: mobile repair screwdriver set material: S2<\/p>\n","protected":false},"featured_media":8711,"template":"","meta":{"_acf_changed":false},"product_brand":[],"product_cat":[169,478],"product_tag":[],"class_list":{"0":"post-8710","1":"product","2":"type-product","3":"status-publish","4":"has-post-thumbnail","6":"product_cat-accessoires-gsm","7":"product_cat-outils-de-reparation","9":"first","10":"instock","11":"product-type-simple"},"acf":[],"jetpack_sharing_enabled":true,"_links":{"self":[{"href":"https:\/\/www.telaron.eu\/nl\/wp-json\/wp\/v2\/product\/8710","targetHints":{"allow":["GET"]}}],"collection":[{"href":"https:\/\/www.telaron.eu\/nl\/wp-json\/wp\/v2\/product"}],"about":[{"href":"https:\/\/www.telaron.eu\/nl\/wp-json\/wp\/v2\/types\/product"}],"wp:featuredmedia":[{"embeddable":true,"href":"https:\/\/www.telaron.eu\/nl\/wp-json\/wp\/v2\/media\/8711"}],"wp:attachment":[{"href":"https:\/\/www.telaron.eu\/nl\/wp-json\/wp\/v2\/media?parent=8710"}],"wp:term":[{"taxonomy":"product_brand","embeddable":true,"href":"https:\/\/www.telaron.eu\/nl\/wp-json\/wp\/v2\/product_brand?post=8710"},{"taxonomy":"product_cat","embeddable":true,"href":"https:\/\/www.telaron.eu\/nl\/wp-json\/wp\/v2\/product_cat?post=8710"},{"taxonomy":"product_tag","embeddable":true,"href":"https:\/\/www.telaron.eu\/nl\/wp-json\/wp\/v2\/product_tag?post=8710"}],"curies":[{"name":"wp","href":"https:\/\/api.w.org\/{rel}","templated":true}]}}