{"id":8794,"date":"2020-09-10T11:02:40","date_gmt":"2020-09-10T09:02:40","guid":{"rendered":"https:\/\/www.telaron.eu\/produit\/camera-de-surveillance-ipc-822awl-p-264-2mp\/"},"modified":"2022-02-23T23:19:29","modified_gmt":"2022-02-23T22:19:29","slug":"camera-de-surveillance-ipc-822awl-p-264-2mp","status":"publish","type":"product","link":"https:\/\/www.telaron.eu\/nl\/produit\/camera-de-surveillance-ipc-822awl-p-264-2mp\/","title":{"rendered":"CAMERA DE SURVEILLANCE IPC-822AWL-P\/264 2MP"},"content":{"rendered":"<p>Derni\u00e8re technologie de traitement du signal num\u00e9rique DSP<br \/>\nDernier programme exclusif<br \/>\nTechnologie de stabilisation d&#8217;image<br \/>\nAdaptez-vous automatiquement \u00e0 la r\u00e9duction du bruit num\u00e9rique<\/p>\n","protected":false},"excerpt":{"rendered":"<p>Derni\u00e8re technologie de traitement du signal num\u00e9rique DSP Dernier programme exclusif Technologie de stabilisation d&#8217;image Adaptez-vous automatiquement \u00e0 la r\u00e9duction du bruit num\u00e9rique<\/p>\n","protected":false},"featured_media":8795,"template":"","meta":{"_acf_changed":false},"product_brand":[],"product_cat":[484,463,474],"product_tag":[],"class_list":{"0":"post-8794","1":"product","2":"type-product","3":"status-publish","4":"has-post-thumbnail","6":"product_cat-cam","7":"product_cat-camera-de-surveillance","8":"product_cat-camera-ip","10":"first","11":"instock","12":"product-type-simple"},"acf":[],"jetpack_sharing_enabled":true,"_links":{"self":[{"href":"https:\/\/www.telaron.eu\/nl\/wp-json\/wp\/v2\/product\/8794","targetHints":{"allow":["GET"]}}],"collection":[{"href":"https:\/\/www.telaron.eu\/nl\/wp-json\/wp\/v2\/product"}],"about":[{"href":"https:\/\/www.telaron.eu\/nl\/wp-json\/wp\/v2\/types\/product"}],"wp:featuredmedia":[{"embeddable":true,"href":"https:\/\/www.telaron.eu\/nl\/wp-json\/wp\/v2\/media\/8795"}],"wp:attachment":[{"href":"https:\/\/www.telaron.eu\/nl\/wp-json\/wp\/v2\/media?parent=8794"}],"wp:term":[{"taxonomy":"product_brand","embeddable":true,"href":"https:\/\/www.telaron.eu\/nl\/wp-json\/wp\/v2\/product_brand?post=8794"},{"taxonomy":"product_cat","embeddable":true,"href":"https:\/\/www.telaron.eu\/nl\/wp-json\/wp\/v2\/product_cat?post=8794"},{"taxonomy":"product_tag","embeddable":true,"href":"https:\/\/www.telaron.eu\/nl\/wp-json\/wp\/v2\/product_tag?post=8794"}],"curies":[{"name":"wp","href":"https:\/\/api.w.org\/{rel}","templated":true}]}}