{"id":9206,"date":"2020-09-10T11:04:20","date_gmt":"2020-09-10T09:04:20","guid":{"rendered":"https:\/\/www.telaron.eu\/produit\/cable-charge-sync-lightning-connector-m8j150l\/"},"modified":"2023-12-07T22:56:44","modified_gmt":"2023-12-07T21:56:44","slug":"cable-charge-sync-lightning-connector-m8j150l","status":"publish","type":"product","link":"https:\/\/www.telaron.eu\/nl\/produit\/cable-charge-sync-lightning-connector-m8j150l\/","title":{"rendered":"CABLE CHARGE\/SYNC Lightning connector M8J150L"},"content":{"rendered":"<p>Chargez et synchronisez votre appareil rapidement et en toute s\u00e9curit\u00e9.<br \/>\nComprend 1 c\u00e2ble Lightning vers USB<\/p>\n","protected":false},"excerpt":{"rendered":"<p>Chargez et synchronisez votre appareil rapidement et en toute s\u00e9curit\u00e9. Comprend 1 c\u00e2ble Lightning vers USB<\/p>\n","protected":false},"featured_media":9207,"template":"","meta":{"_acf_changed":false},"product_brand":[],"product_cat":[169,170,185],"product_tag":[],"class_list":{"0":"post-9206","1":"product","2":"type-product","3":"status-publish","4":"has-post-thumbnail","6":"product_cat-accessoires-gsm","7":"product_cat-chargeurs-et-data-cables","8":"product_cat-connecteur-gsm-sortie-jack","10":"first","11":"instock","12":"product-type-simple"},"acf":[],"jetpack_sharing_enabled":true,"_links":{"self":[{"href":"https:\/\/www.telaron.eu\/nl\/wp-json\/wp\/v2\/product\/9206","targetHints":{"allow":["GET"]}}],"collection":[{"href":"https:\/\/www.telaron.eu\/nl\/wp-json\/wp\/v2\/product"}],"about":[{"href":"https:\/\/www.telaron.eu\/nl\/wp-json\/wp\/v2\/types\/product"}],"wp:featuredmedia":[{"embeddable":true,"href":"https:\/\/www.telaron.eu\/nl\/wp-json\/wp\/v2\/media\/9207"}],"wp:attachment":[{"href":"https:\/\/www.telaron.eu\/nl\/wp-json\/wp\/v2\/media?parent=9206"}],"wp:term":[{"taxonomy":"product_brand","embeddable":true,"href":"https:\/\/www.telaron.eu\/nl\/wp-json\/wp\/v2\/product_brand?post=9206"},{"taxonomy":"product_cat","embeddable":true,"href":"https:\/\/www.telaron.eu\/nl\/wp-json\/wp\/v2\/product_cat?post=9206"},{"taxonomy":"product_tag","embeddable":true,"href":"https:\/\/www.telaron.eu\/nl\/wp-json\/wp\/v2\/product_tag?post=9206"}],"curies":[{"name":"wp","href":"https:\/\/api.w.org\/{rel}","templated":true}]}}