{"id":9209,"date":"2020-09-10T11:04:20","date_gmt":"2020-09-10T09:04:20","guid":{"rendered":"https:\/\/www.telaron.eu\/produit\/cable-charge-sync-micro-usb-m8j150m\/"},"modified":"2022-02-23T23:20:25","modified_gmt":"2022-02-23T22:20:25","slug":"cable-charge-sync-micro-usb-m8j150m","status":"publish","type":"product","link":"https:\/\/www.telaron.eu\/nl\/produit\/cable-charge-sync-micro-usb-m8j150m\/","title":{"rendered":"CABLE CHARGE\/SYNC MICRO USB M8J150M"},"content":{"rendered":"<p>Chargez et synchronisez votre appareil rapidement et en toute s\u00e9curit\u00e9.<br \/>\nComprend 1 c\u00e2ble micro-USB vers USB<\/p>\n","protected":false},"excerpt":{"rendered":"<p>Chargez et synchronisez votre appareil rapidement et en toute s\u00e9curit\u00e9. Comprend 1 c\u00e2ble micro-USB vers USB<\/p>\n","protected":false},"featured_media":9210,"template":"","meta":{"_acf_changed":false},"product_brand":[],"product_cat":[169,170,185],"product_tag":[],"class_list":{"0":"post-9209","1":"product","2":"type-product","3":"status-publish","4":"has-post-thumbnail","6":"product_cat-accessoires-gsm","7":"product_cat-chargeurs-et-data-cables","8":"product_cat-connecteur-gsm-sortie-jack","10":"first","11":"instock","12":"product-type-simple"},"acf":[],"jetpack_sharing_enabled":true,"_links":{"self":[{"href":"https:\/\/www.telaron.eu\/nl\/wp-json\/wp\/v2\/product\/9209","targetHints":{"allow":["GET"]}}],"collection":[{"href":"https:\/\/www.telaron.eu\/nl\/wp-json\/wp\/v2\/product"}],"about":[{"href":"https:\/\/www.telaron.eu\/nl\/wp-json\/wp\/v2\/types\/product"}],"wp:featuredmedia":[{"embeddable":true,"href":"https:\/\/www.telaron.eu\/nl\/wp-json\/wp\/v2\/media\/9210"}],"wp:attachment":[{"href":"https:\/\/www.telaron.eu\/nl\/wp-json\/wp\/v2\/media?parent=9209"}],"wp:term":[{"taxonomy":"product_brand","embeddable":true,"href":"https:\/\/www.telaron.eu\/nl\/wp-json\/wp\/v2\/product_brand?post=9209"},{"taxonomy":"product_cat","embeddable":true,"href":"https:\/\/www.telaron.eu\/nl\/wp-json\/wp\/v2\/product_cat?post=9209"},{"taxonomy":"product_tag","embeddable":true,"href":"https:\/\/www.telaron.eu\/nl\/wp-json\/wp\/v2\/product_tag?post=9209"}],"curies":[{"name":"wp","href":"https:\/\/api.w.org\/{rel}","templated":true}]}}