{"id":9244,"date":"2020-09-10T11:04:20","date_gmt":"2020-09-10T09:04:20","guid":{"rendered":"https:\/\/www.telaron.eu\/produit\/cable-usb-png-3in1\/"},"modified":"2022-02-23T23:20:51","modified_gmt":"2022-02-23T22:20:51","slug":"cable-usb-png-3in1","status":"publish","type":"product","link":"https:\/\/www.telaron.eu\/nl\/produit\/cable-usb-png-3in1\/","title":{"rendered":"CABLE USB PNG 3IN1"},"content":{"rendered":"<p>CABLE DE DONNEES POUR SYNCHRONISER ET RECHARGER VOTRE TELEPHONE<\/p>\n<p>Port compatible USB 2.0<br \/>\nSynchronisation de donn\u00e9es<br \/>\nCharge le t\u00e9l\u00e9phone depuis votre ordinateur<br \/>\nCharge le t\u00e9l\u00e9phone \u00e0 partir d&#8217;un chargeur USB<\/p>\n","protected":false},"excerpt":{"rendered":"<p>CABLE DE DONNEES POUR SYNCHRONISER ET RECHARGER VOTRE TELEPHONE Port compatible USB 2.0 Synchronisation de donn\u00e9es Charge le t\u00e9l\u00e9phone depuis votre ordinateur Charge le t\u00e9l\u00e9phone \u00e0 partir d&#8217;un chargeur USB<\/p>\n","protected":false},"featured_media":9245,"template":"","meta":{"_acf_changed":false},"product_brand":[],"product_cat":[169,170,185],"product_tag":[],"class_list":{"0":"post-9244","1":"product","2":"type-product","3":"status-publish","4":"has-post-thumbnail","6":"product_cat-accessoires-gsm","7":"product_cat-chargeurs-et-data-cables","8":"product_cat-connecteur-gsm-sortie-jack","10":"first","11":"instock","12":"product-type-simple"},"acf":[],"jetpack_sharing_enabled":true,"_links":{"self":[{"href":"https:\/\/www.telaron.eu\/nl\/wp-json\/wp\/v2\/product\/9244","targetHints":{"allow":["GET"]}}],"collection":[{"href":"https:\/\/www.telaron.eu\/nl\/wp-json\/wp\/v2\/product"}],"about":[{"href":"https:\/\/www.telaron.eu\/nl\/wp-json\/wp\/v2\/types\/product"}],"wp:featuredmedia":[{"embeddable":true,"href":"https:\/\/www.telaron.eu\/nl\/wp-json\/wp\/v2\/media\/9245"}],"wp:attachment":[{"href":"https:\/\/www.telaron.eu\/nl\/wp-json\/wp\/v2\/media?parent=9244"}],"wp:term":[{"taxonomy":"product_brand","embeddable":true,"href":"https:\/\/www.telaron.eu\/nl\/wp-json\/wp\/v2\/product_brand?post=9244"},{"taxonomy":"product_cat","embeddable":true,"href":"https:\/\/www.telaron.eu\/nl\/wp-json\/wp\/v2\/product_cat?post=9244"},{"taxonomy":"product_tag","embeddable":true,"href":"https:\/\/www.telaron.eu\/nl\/wp-json\/wp\/v2\/product_tag?post=9244"}],"curies":[{"name":"wp","href":"https:\/\/api.w.org\/{rel}","templated":true}]}}