{"id":9303,"date":"2020-09-10T11:04:32","date_gmt":"2020-09-10T09:04:32","guid":{"rendered":"https:\/\/www.telaron.eu\/produit\/camera-de-surveillance-network-vr3d-1\/"},"modified":"2022-02-23T23:21:22","modified_gmt":"2022-02-23T22:21:22","slug":"camera-de-surveillance-network-vr3d-1","status":"publish","type":"product","link":"https:\/\/www.telaron.eu\/nl\/produit\/camera-de-surveillance-network-vr3d-1\/","title":{"rendered":"CAMERA DE SURVEILLANCE NETWORK VR3D-1"},"content":{"rendered":"<p>Visualisation compl\u00e8te \u00e0 360 degr\u00e9s.<br \/>\nLes m\u00e9ga pixels haute d\u00e9finition promettent une exp\u00e9rience immersive.<br \/>\nPTZ \u00e9lectronique, l&#8217;angle de vue peut \u00eatre contr\u00f4l\u00e9 par t\u00e9l\u00e9phone mobile, ce qui est une op\u00e9ration tr\u00e8s simple.<br \/>\nLa fonction de zoom \u00e9lectronique rend les d\u00e9tails clairs.<br \/>\nMulti style de mode d&#8217;installation et mode d&#8217;affichage.<br \/>\nPrise en charge de l&#8217;enregistrement par carte TF et l&#8217;occupation de l&#8217;espace est faible.<br \/>\nPrend en charge le WiFi et la configuration intelligente du WiFi.<\/p>\n","protected":false},"excerpt":{"rendered":"<p>Visualisation compl\u00e8te \u00e0 360 degr\u00e9s. Les m\u00e9ga pixels haute d\u00e9finition promettent une exp\u00e9rience immersive. PTZ \u00e9lectronique, l&#8217;angle de vue peut \u00eatre contr\u00f4l\u00e9 par t\u00e9l\u00e9phone mobile, ce qui est une op\u00e9ration tr\u00e8s simple. La fonction de zoom \u00e9lectronique rend les d\u00e9tails clairs. Multi style de mode d&#8217;installation et mode d&#8217;affichage. Prise en charge de l&#8217;enregistrement par [&#8230;]\n","protected":false},"featured_media":9304,"template":"","meta":{"_acf_changed":false},"product_brand":[],"product_cat":[484,463,474],"product_tag":[],"class_list":{"0":"post-9303","1":"product","2":"type-product","3":"status-publish","4":"has-post-thumbnail","6":"product_cat-cam","7":"product_cat-camera-de-surveillance","8":"product_cat-camera-ip","10":"first","11":"instock","12":"product-type-simple"},"acf":[],"jetpack_sharing_enabled":true,"_links":{"self":[{"href":"https:\/\/www.telaron.eu\/nl\/wp-json\/wp\/v2\/product\/9303","targetHints":{"allow":["GET"]}}],"collection":[{"href":"https:\/\/www.telaron.eu\/nl\/wp-json\/wp\/v2\/product"}],"about":[{"href":"https:\/\/www.telaron.eu\/nl\/wp-json\/wp\/v2\/types\/product"}],"wp:featuredmedia":[{"embeddable":true,"href":"https:\/\/www.telaron.eu\/nl\/wp-json\/wp\/v2\/media\/9304"}],"wp:attachment":[{"href":"https:\/\/www.telaron.eu\/nl\/wp-json\/wp\/v2\/media?parent=9303"}],"wp:term":[{"taxonomy":"product_brand","embeddable":true,"href":"https:\/\/www.telaron.eu\/nl\/wp-json\/wp\/v2\/product_brand?post=9303"},{"taxonomy":"product_cat","embeddable":true,"href":"https:\/\/www.telaron.eu\/nl\/wp-json\/wp\/v2\/product_cat?post=9303"},{"taxonomy":"product_tag","embeddable":true,"href":"https:\/\/www.telaron.eu\/nl\/wp-json\/wp\/v2\/product_tag?post=9303"}],"curies":[{"name":"wp","href":"https:\/\/api.w.org\/{rel}","templated":true}]}}