{"id":9440,"date":"2020-09-10T11:05:09","date_gmt":"2020-09-10T09:05:09","guid":{"rendered":"https:\/\/www.telaron.eu\/produit\/adaptateur-secteur-usb-budi-qualcomm-m8j940qe\/"},"modified":"2024-04-15T11:17:15","modified_gmt":"2024-04-15T09:17:15","slug":"adaptateur-secteur-usb-budi-qualcomm-m8j940qe","status":"publish","type":"product","link":"https:\/\/www.telaron.eu\/nl\/produit\/adaptateur-secteur-usb-budi-qualcomm-m8j940qe\/","title":{"rendered":"ADAPTATEUR SECTEUR USB BUDI QUALCOMM M8J940QE"},"content":{"rendered":"<p>Chargez votre appareil rapidement et en toute s\u00e9curit\u00e9.<br \/>\nPrise europ\u00e9enne<br \/>\n18 watts<br \/>\nSelon les appareils num\u00e9riques (mobiles, tablettes, etc.), le chargeur peut automatiquement identifier et ajuster la tension de sortie de charge et augmenter la vitesse de charge \u00e0 70%.<br \/>\nLe syst\u00e8me de protection int\u00e9gr\u00e9 emp\u00eache efficacement les surtensions, les surcharges et les courts-circuits.<\/p>\n","protected":false},"excerpt":{"rendered":"<p>Chargez votre appareil rapidement et en toute s\u00e9curit\u00e9. Prise europ\u00e9enne 18 watts Selon les appareils num\u00e9riques (mobiles, tablettes, etc.), le chargeur peut automatiquement identifier et ajuster la tension de sortie de charge et augmenter la vitesse de charge \u00e0 70%. Le syst\u00e8me de protection int\u00e9gr\u00e9 emp\u00eache efficacement les surtensions, les surcharges et les courts-circuits.<\/p>\n","protected":false},"featured_media":9441,"template":"","meta":{"_acf_changed":false},"product_brand":[],"product_cat":[169,186,170],"product_tag":[],"class_list":{"0":"post-9440","1":"product","2":"type-product","3":"status-publish","4":"has-post-thumbnail","6":"product_cat-accessoires-gsm","7":"product_cat-chargeurs-adaptateurs","8":"product_cat-chargeurs-et-data-cables","10":"first","11":"instock","12":"product-type-simple"},"acf":[],"jetpack_sharing_enabled":true,"_links":{"self":[{"href":"https:\/\/www.telaron.eu\/nl\/wp-json\/wp\/v2\/product\/9440","targetHints":{"allow":["GET"]}}],"collection":[{"href":"https:\/\/www.telaron.eu\/nl\/wp-json\/wp\/v2\/product"}],"about":[{"href":"https:\/\/www.telaron.eu\/nl\/wp-json\/wp\/v2\/types\/product"}],"wp:featuredmedia":[{"embeddable":true,"href":"https:\/\/www.telaron.eu\/nl\/wp-json\/wp\/v2\/media\/9441"}],"wp:attachment":[{"href":"https:\/\/www.telaron.eu\/nl\/wp-json\/wp\/v2\/media?parent=9440"}],"wp:term":[{"taxonomy":"product_brand","embeddable":true,"href":"https:\/\/www.telaron.eu\/nl\/wp-json\/wp\/v2\/product_brand?post=9440"},{"taxonomy":"product_cat","embeddable":true,"href":"https:\/\/www.telaron.eu\/nl\/wp-json\/wp\/v2\/product_cat?post=9440"},{"taxonomy":"product_tag","embeddable":true,"href":"https:\/\/www.telaron.eu\/nl\/wp-json\/wp\/v2\/product_tag?post=9440"}],"curies":[{"name":"wp","href":"https:\/\/api.w.org\/{rel}","templated":true}]}}